{"id":7650,"date":"2022-04-29T13:02:24","date_gmt":"2022-04-29T11:02:24","guid":{"rendered":"https:\/\/www.ebroingredients.com\/contact\/"},"modified":"2025-02-24T08:59:03","modified_gmt":"2025-02-24T07:59:03","slug":"contact","status":"publish","type":"page","link":"https:\/\/www.ebroingredients.com\/fr\/contact\/","title":{"rendered":"Contactez-nous"},"content":{"rendered":"<p>[et_pb_section fb_built=\u00a0\u00bb1&Prime; admin_label=\u00a0\u00bbSection\u00a0\u00bb _builder_version=\u00a0\u00bb4.16&Prime; _module_preset=\u00a0\u00bbdefault\u00a0\u00bb da_disable_devices=\u00a0\u00bboff|off|off\u00a0\u00bb global_colors_info=\u00a0\u00bb{}\u00a0\u00bb da_is_popup=\u00a0\u00bboff\u00a0\u00bb da_exit_intent=\u00a0\u00bboff\u00a0\u00bb da_has_close=\u00a0\u00bbon\u00a0\u00bb da_alt_close=\u00a0\u00bboff\u00a0\u00bb da_dark_close=\u00a0\u00bboff\u00a0\u00bb da_not_modal=\u00a0\u00bbon\u00a0\u00bb da_is_singular=\u00a0\u00bboff\u00a0\u00bb da_with_loader=\u00a0\u00bboff\u00a0\u00bb da_has_shadow=\u00a0\u00bbon\u00a0\u00bb][et_pb_row column_structure=\u00a0\u00bb1_4,3_4&Prime; _builder_version=\u00a0\u00bb4.16&Prime; _module_preset=\u00a0\u00bbdefault\u00a0\u00bb max_width=\u00a0\u00bb980px\u00a0\u00bb global_colors_info=\u00a0\u00bb{}\u00a0\u00bb][et_pb_column type=\u00a0\u00bb1_4&Prime; _builder_version=\u00a0\u00bb4.16&Prime; _module_preset=\u00a0\u00bbdefault\u00a0\u00bb global_colors_info=\u00a0\u00bb{}\u00a0\u00bb custom_css_main_element_last_edited=\u00a0\u00bbon|tablet\u00a0\u00bb custom_css_main_element_tablet=\u00a0\u00bbwidth: 20.875%;||margin-right: 5.5%;\u00a0\u00bb custom_css_main_element_phone=\u00a0\u00bbwidth: auto;||margin-right: 0;\u00a0\u00bb][et_pb_image src=\u00a0\u00bbhttps:\/\/www.ebroingredients.com\/wp-content\/uploads\/2022\/07\/icon-contact-ebro-ingredients.png\u00a0\u00bb title_text=\u00a0\u00bbicon-contact-ebro-ingredients\u00a0\u00bb _builder_version=\u00a0\u00bb4.16&Prime; _module_preset=\u00a0\u00bbdefault\u00a0\u00bb max_width_tablet=\u00a0\u00bb\u00a0\u00bb max_width_phone=\u00a0\u00bb100px\u00a0\u00bb max_width_last_edited=\u00a0\u00bbon|desktop\u00a0\u00bb global_colors_info=\u00a0\u00bb{}\u00a0\u00bb][\/et_pb_image][\/et_pb_column][et_pb_column type=\u00a0\u00bb3_4&Prime; _builder_version=\u00a0\u00bb4.16&Prime; _module_preset=\u00a0\u00bbdefault\u00a0\u00bb global_colors_info=\u00a0\u00bb{}\u00a0\u00bb custom_css_main_element_last_edited=\u00a0\u00bbon|tablet\u00a0\u00bb custom_css_main_element_tablet=\u00a0\u00bbwidth: 73.625%;\u00a0\u00bb custom_css_main_element_phone=\u00a0\u00bbwidth:auto;\u00a0\u00bb][et_pb_text _builder_version=\u00a0\u00bb4.16&Prime; _module_preset=\u00a0\u00bbdefault\u00a0\u00bb text_font=\u00a0\u00bb|600|||||||\u00a0\u00bb text_text_color=\u00a0\u00bb#003087&Prime; text_font_size=\u00a0\u00bb1.56rem\u00a0\u00bb link_font=\u00a0\u00bb||||||||\u00a0\u00bb header_font=\u00a0\u00bb||||||||\u00a0\u00bb max_width=\u00a0\u00bb540px\u00a0\u00bb global_colors_info=\u00a0\u00bb{}\u00a0\u00bb]<\/p>\n<h1>Contacter Ebro Ingr\u00e9dients<\/h1>\n<p>Nous serons heureux de r\u00e9pondre \u00e0 toutes vos questions.<\/p>\n<p>[\/et_pb_text][et_pb_text _builder_version=\u00a0\u00bb4.16&Prime; _module_preset=\u00a0\u00bbdefault\u00a0\u00bb link_font=\u00a0\u00bb||||||||\u00a0\u00bb header_font=\u00a0\u00bb||||||||\u00a0\u00bb max_width=\u00a0\u00bb540px\u00a0\u00bb global_colors_info=\u00a0\u00bb{}\u00a0\u00bb]Si vous avez besoin de plus d&rsquo;informations, veuillez remplir le formulaire ci-dessous et nous vous r\u00e9pondrons dans les plus brefs d\u00e9lais.[\/et_pb_text][\/et_pb_column][\/et_pb_row][\/et_pb_section][et_pb_section fb_built=\u00a0\u00bb1&Prime; _builder_version=\u00a0\u00bb4.27.2&Prime; _module_preset=\u00a0\u00bbdefault\u00a0\u00bb custom_padding=\u00a0\u00bb0px||0px||true|false\u00a0\u00bb da_disable_devices=\u00a0\u00bboff|off|off\u00a0\u00bb global_colors_info=\u00a0\u00bb{}\u00a0\u00bb da_is_popup=\u00a0\u00bboff\u00a0\u00bb da_exit_intent=\u00a0\u00bboff\u00a0\u00bb da_has_close=\u00a0\u00bbon\u00a0\u00bb da_alt_close=\u00a0\u00bboff\u00a0\u00bb da_dark_close=\u00a0\u00bboff\u00a0\u00bb da_not_modal=\u00a0\u00bbon\u00a0\u00bb da_is_singular=\u00a0\u00bboff\u00a0\u00bb da_with_loader=\u00a0\u00bboff\u00a0\u00bb da_has_shadow=\u00a0\u00bbon\u00a0\u00bb][et_pb_row column_structure=\u00a0\u00bb1_3,1_3,1_3&Prime; _builder_version=\u00a0\u00bb4.27.2&Prime; _module_preset=\u00a0\u00bbdefault\u00a0\u00bb max_width=\u00a0\u00bb980px\u00a0\u00bb hover_enabled=\u00a0\u00bb0&Prime; global_colors_info=\u00a0\u00bb{}\u00a0\u00bb sticky_enabled=\u00a0\u00bb0&Prime;][et_pb_column type=\u00a0\u00bb1_3&Prime; _builder_version=\u00a0\u00bb4.27.2&Prime; _module_preset=\u00a0\u00bbdefault\u00a0\u00bb global_colors_info=\u00a0\u00bb{}\u00a0\u00bb custom_css_main_element_last_edited=\u00a0\u00bbon|phone\u00a0\u00bb custom_css_main_element_tablet=\u00a0\u00bbwidth: 29.6667%;||margin-right: 5.5%;\u00a0\u00bb custom_css_main_element_phone=\u00a0\u00bbwidth: 100%;||margin-right: 0;\u00a0\u00bb][et_pb_image src=\u00a0\u00bbhttps:\/\/www.ebroingredients.com\/wp-content\/uploads\/2024\/10\/wormer-fabriek.jpg\u00a0\u00bb title_text=\u00a0\u00bbwormer-fabriek\u00a0\u00bb align_tablet=\u00a0\u00bb\u00a0\u00bb align_phone=\u00a0\u00bbcenter\u00a0\u00bb align_last_edited=\u00a0\u00bbon|phone\u00a0\u00bb _builder_version=\u00a0\u00bb4.27.2&Prime; _module_preset=\u00a0\u00bbdefault\u00a0\u00bb hover_enabled=\u00a0\u00bb0&Prime; global_colors_info=\u00a0\u00bb{}\u00a0\u00bb sticky_enabled=\u00a0\u00bb0&Prime; force_fullwidth=\u00a0\u00bbon\u00a0\u00bb show_bottom_space=\u00a0\u00bboff\u00a0\u00bb][\/et_pb_image][\/et_pb_column][et_pb_column type=\u00a0\u00bb1_3&Prime; _builder_version=\u00a0\u00bb4.16&Prime; _module_preset=\u00a0\u00bbdefault\u00a0\u00bb global_colors_info=\u00a0\u00bb{}\u00a0\u00bb custom_css_main_element_last_edited=\u00a0\u00bbon|tablet\u00a0\u00bb custom_css_main_element_tablet=\u00a0\u00bbwidth: 29.6667%;||margin-right: 5.5%;\u00a0\u00bb custom_css_main_element_phone=\u00a0\u00bbwidth: 100%;||margin-right: 0;\u00a0\u00bb][et_pb_blurb title=\u00a0\u00bbEbro Ingredients\u00a0\u00bb use_icon=\u00a0\u00bbon\u00a0\u00bb font_icon=\u00a0\u00bb&#xf3c5;||fa||900&Prime; icon_color=\u00a0\u00bb#64a70b\u00a0\u00bb image_icon_width=\u00a0\u00bb60px\u00a0\u00bb icon_alignment=\u00a0\u00bbleft\u00a0\u00bb _builder_version=\u00a0\u00bb4.16&Prime; _module_preset=\u00a0\u00bbdefault\u00a0\u00bb global_colors_info=\u00a0\u00bb{}\u00a0\u00bb]Lassiestraat 1 1531 MG Wormer Pays-Bas[\/et_pb_blurb][\/et_pb_column][et_pb_column type=\u00a0\u00bb1_3&Prime; _builder_version=\u00a0\u00bb4.16&Prime; _module_preset=\u00a0\u00bbdefault\u00a0\u00bb custom_padding=\u00a0\u00bb90px||||false|false\u00a0\u00bb custom_padding_tablet=\u00a0\u00bb90px||||false|false\u00a0\u00bb custom_padding_phone=\u00a0\u00bb0px||||false|false\u00a0\u00bb custom_padding_last_edited=\u00a0\u00bbon|phone\u00a0\u00bb global_colors_info=\u00a0\u00bb{}\u00a0\u00bb custom_css_main_element_last_edited=\u00a0\u00bbon|tablet\u00a0\u00bb custom_css_main_element_tablet=\u00a0\u00bbwidth: 29.6667%;\u00a0\u00bb custom_css_main_element_phone=\u00a0\u00bbwidth:100%;\u00a0\u00bb][et_pb_blurb title=\u00a0\u00bbinfo@ebroingredients.com \u00a0\u00bb use_icon=\u00a0\u00bbon\u00a0\u00bb font_icon=\u00a0\u00bb&#xf2b6;||fa||900&Prime; icon_color=\u00a0\u00bb#64a70b\u00a0\u00bb icon_placement=\u00a0\u00bbleft\u00a0\u00bb admin_label=\u00a0\u00bbBlurb\u00a0\u00bb _builder_version=\u00a0\u00bb4.16&Prime; _module_preset=\u00a0\u00bbdefault\u00a0\u00bb global_colors_info=\u00a0\u00bb{}\u00a0\u00bb][\/et_pb_blurb][et_pb_blurb title=\u00a0\u00bb+31 756 47 12 30&Prime; use_icon=\u00a0\u00bbon\u00a0\u00bb font_icon=\u00a0\u00bb&#xe090;||divi||400&Prime; icon_color=\u00a0\u00bb#64a70b\u00a0\u00bb icon_placement=\u00a0\u00bbleft\u00a0\u00bb admin_label=\u00a0\u00bbBlurb\u00a0\u00bb _builder_version=\u00a0\u00bb4.16&Prime; _module_preset=\u00a0\u00bbdefault\u00a0\u00bb global_colors_info=\u00a0\u00bb{}\u00a0\u00bb][\/et_pb_blurb][\/et_pb_column][\/et_pb_row][\/et_pb_section][et_pb_section fb_built=\u00a0\u00bb1&Prime; admin_label=\u00a0\u00bbSection\u00a0\u00bb module_class=\u00a0\u00bbsec-full\u00a0\u00bb _builder_version=\u00a0\u00bb4.14.7&Prime; _module_preset=\u00a0\u00bbdefault\u00a0\u00bb da_disable_devices=\u00a0\u00bboff|off|off\u00a0\u00bb global_module=\u00a0\u00bb4540&Prime; saved_tabs=\u00a0\u00bball\u00a0\u00bb locked=\u00a0\u00bboff\u00a0\u00bb global_colors_info=\u00a0\u00bb{}\u00a0\u00bb da_is_popup=\u00a0\u00bboff\u00a0\u00bb da_exit_intent=\u00a0\u00bboff\u00a0\u00bb da_has_close=\u00a0\u00bbon\u00a0\u00bb da_alt_close=\u00a0\u00bboff\u00a0\u00bb da_dark_close=\u00a0\u00bboff\u00a0\u00bb da_not_modal=\u00a0\u00bbon\u00a0\u00bb da_is_singular=\u00a0\u00bboff\u00a0\u00bb da_with_loader=\u00a0\u00bboff\u00a0\u00bb da_has_shadow=\u00a0\u00bbon\u00a0\u00bb][et_pb_row custom_padding_last_edited=\u00a0\u00bbon|phone\u00a0\u00bb module_class=\u00a0\u00bbtrngl\u00a0\u00bb _builder_version=\u00a0\u00bb4.16&Prime; _module_preset=\u00a0\u00bbdefault\u00a0\u00bb background_color=\u00a0\u00bb#f1eedf\u00a0\u00bb module_alignment=\u00a0\u00bbcenter\u00a0\u00bb custom_margin=\u00a0\u00bb||||false|false\u00a0\u00bb custom_padding=\u00a0\u00bb5vh|8vw|5vh|4vw|true|false\u00a0\u00bb custom_padding_tablet=\u00a0\u00bb|||8vw|true|false\u00a0\u00bb custom_padding_phone=\u00a0\u00bb|||8vw|true|false\u00a0\u00bb border_radii=\u00a0\u00bboff||70px||\u00a0\u00bb global_colors_info=\u00a0\u00bb{}\u00a0\u00bb][et_pb_column type=\u00a0\u00bb4_4&Prime; _builder_version=\u00a0\u00bb4.16&Prime; _module_preset=\u00a0\u00bbdefault\u00a0\u00bb global_colors_info=\u00a0\u00bb{}\u00a0\u00bb][et_pb_text module_id=\u00a0\u00bbcontactform\u00a0\u00bb _builder_version=\u00a0\u00bb4.21.0&Prime; _module_preset=\u00a0\u00bbdefault\u00a0\u00bb text_font=\u00a0\u00bb|600|||||||\u00a0\u00bb text_font_size=\u00a0\u00bb1.56rem\u00a0\u00bb global_colors_info=\u00a0\u00bb{}\u00a0\u00bb]<\/p>\n<h2>Int\u00e9ress\u00e9 par plus d&rsquo;informations?<\/h2>\n<p>Contactez-nous<\/p>\n<p>[\/et_pb_text][et_pb_text _builder_version=\u00a0\u00bb4.16&Prime; _module_preset=\u00a0\u00bbdefault\u00a0\u00bb global_colors_info=\u00a0\u00bb{}\u00a0\u00bb]\n<div class=\"wpcf7 no-js\" id=\"wpcf7-f6995-o1\" lang=\"fr-FR\" dir=\"ltr\" data-wpcf7-id=\"6995\">\n<div class=\"screen-reader-response\"><p role=\"status\" aria-live=\"polite\" aria-atomic=\"true\"><\/p> <ul><\/ul><\/div>\n<form action=\"\/fr\/wp-json\/wp\/v2\/pages\/7650#wpcf7-f6995-o1\" method=\"post\" class=\"wpcf7-form init et_pb_contact_form clearfix\" aria-label=\"Formulaire de contact\" novalidate=\"novalidate\" data-status=\"init\">\n<fieldset class=\"hidden-fields-container\"><input type=\"hidden\" name=\"_wpcf7\" value=\"6995\" \/><input type=\"hidden\" name=\"_wpcf7_version\" value=\"6.1.5\" \/><input type=\"hidden\" name=\"_wpcf7_locale\" value=\"fr_FR\" \/><input type=\"hidden\" name=\"_wpcf7_unit_tag\" value=\"wpcf7-f6995-o1\" \/><input type=\"hidden\" name=\"_wpcf7_container_post\" value=\"0\" \/><input type=\"hidden\" name=\"_wpcf7_posted_data_hash\" value=\"\" \/><input type=\"hidden\" name=\"_wpcf7_recaptcha_response\" value=\"\" \/>\n<\/fieldset>\n<div class=\"et_pb_contact\">\n\t<p class=\"et_pb_contact_field et_pb_contact_field_third\" data-id=\"name\" data-type=\"input\"><input size=\"40\" maxlength=\"400\" class=\"wpcf7-form-control wpcf7-text wpcf7-validates-as-required\" aria-required=\"true\" aria-invalid=\"false\" placeholder=\"&nbsp;\" value=\"\" type=\"text\" name=\"your-name\" \/><label class=\"label\">NOM<\/label>\n\t<\/p>\n\t<p class=\"et_pb_contact_field et_pb_contact_field_third\" data-id=\"email\" data-type=\"email\"><input size=\"40\" maxlength=\"400\" class=\"wpcf7-form-control wpcf7-email wpcf7-validates-as-required wpcf7-text wpcf7-validates-as-email\" aria-required=\"true\" aria-invalid=\"false\" placeholder=\"&nbsp;\" value=\"\" type=\"email\" name=\"your-email\" \/><label class=\"label\">EMAIL<\/label>\n\t<\/p>\n\t<p class=\"et_pb_contact_field et_pb_contact_field_third et_pb_contact_field_last\" data-id=\"phone\" data-type=\"input\"><input size=\"40\" maxlength=\"400\" class=\"wpcf7-form-control wpcf7-tel wpcf7-validates-as-required wpcf7-text wpcf7-validates-as-tel\" aria-required=\"true\" aria-invalid=\"false\" placeholder=\"&nbsp;\" value=\"\" type=\"tel\" name=\"your-phone\" \/><label class=\"label\">T\u00c9L\u00c9PHONE<\/label>\n\t<\/p>\n\t<p class=\"et_pb_contact_field et_pb_contact_field_half\" data-id=\"job\" data-type=\"input\"><input size=\"40\" maxlength=\"400\" class=\"wpcf7-form-control wpcf7-text wpcf7-validates-as-required\" aria-required=\"true\" aria-invalid=\"false\" placeholder=\"&nbsp;\" value=\"\" type=\"text\" name=\"your-job\" \/><label class=\"label\">TITRE PROFESSIONNEL<\/label>\n\t<\/p>\n\t<p class=\"et_pb_contact_field et_pb_contact_field_half et_pb_contact_field_last\" data-id=\"company\" data-type=\"input\"><input size=\"40\" maxlength=\"400\" class=\"wpcf7-form-control wpcf7-text wpcf7-validates-as-required\" aria-required=\"true\" aria-invalid=\"false\" placeholder=\"&nbsp;\" value=\"\" type=\"text\" name=\"your-company\" \/><label class=\"label\">SOCI\u00c9T\u00c9<\/label>\n\t<\/p>\n\t<p class=\"et_pb_contact_field et_pb_contact_field_last\" data-id=\"questions\" data-type=\"input\"><input size=\"40\" maxlength=\"400\" class=\"wpcf7-form-control wpcf7-text wpcf7-validates-as-required\" aria-required=\"true\" aria-invalid=\"false\" placeholder=\"&nbsp;\" value=\"\" type=\"text\" name=\"your-questions\" \/><label class=\"label\">QUESTIONS OU COMMENTAIRES<\/label>\n\t<\/p>\n\t<p class=\"et_pb_contact_field et_pb_contact_field_last\" data-id=\"accept\" data-type=\"checkbox\"><span class=\"wpcf7-form-control wpcf7-acceptance\"><span class=\"wpcf7-list-item\"><label><input type=\"checkbox\" name=\"privacy-acceptance\" value=\"1\" aria-invalid=\"false\" \/><span class=\"wpcf7-list-item-label\">J'ai lu et j'accepte la <a href=\"\/privacy-policy\/\" target=\"_blank\">Politique de Confidentialit\u00e9 et de Protection des Donn\u00e9es<\/a>.<\/span><\/label><\/span><\/span><br \/>\n<span class=\"wpcf7-form-control wpcf7-acceptance optional\"><span class=\"wpcf7-list-item\"><label><input type=\"checkbox\" name=\"data-acceptance\" value=\"1\" aria-invalid=\"false\" \/><span class=\"wpcf7-list-item-label\">J'accorde explicitement mon consentement au traitement de mes donn\u00e9es pour le but indiqu\u00e9.<\/span><\/label><\/span><\/span><br \/>\n[et_pb_section global_module=\"4319\"][\/et_pb_section]\n\t<\/p>\n\t<div class=\"et_contact_bottom_container\">\n\t\t<p><button id=\"submit\" type=\"submit\" name=\"et_builder_submit_button\" class=\"et_pb_contact_submit et_pb_button\">ENVOYER<\/button>\n\t\t<\/p>\n\t<\/div>\n<\/div><div class=\"wpcf7-response-output\" aria-hidden=\"true\"><\/div>\n<\/form>\n<\/div>\n[\/et_pb_text][\/et_pb_column][\/et_pb_row][et_pb_row column_structure=\u00a0\u00bb3_4,1_4&Prime; _builder_version=\u00a0\u00bb4.16&Prime; _module_preset=\u00a0\u00bbdefault\u00a0\u00bb positioning=\u00a0\u00bbabsolute\u00a0\u00bb position_origin_a=\u00a0\u00bbtop_right\u00a0\u00bb vertical_offset=\u00a0\u00bb6vh\u00a0\u00bb vertical_offset_tablet=\u00a0\u00bb6vh\u00a0\u00bb vertical_offset_phone=\u00a0\u00bb0vh\u00a0\u00bb vertical_offset_last_edited=\u00a0\u00bbon|tablet\u00a0\u00bb global_colors_info=\u00a0\u00bb{}\u00a0\u00bb][et_pb_column type=\u00a0\u00bb3_4&Prime; _builder_version=\u00a0\u00bb4.16&Prime; _module_preset=\u00a0\u00bbdefault\u00a0\u00bb global_colors_info=\u00a0\u00bb{}\u00a0\u00bb custom_css_main_element_last_edited=\u00a0\u00bbon|tablet\u00a0\u00bb custom_css_main_element_tablet=\u00a0\u00bbwidth: 80% !important;\u00a0\u00bb custom_css_main_element_phone=\u00a0\u00bbwidth: 80% !important;\u00a0\u00bb][et_pb_divider show_divider=\u00a0\u00bboff\u00a0\u00bb _builder_version=\u00a0\u00bb4.16&Prime; _module_preset=\u00a0\u00bbdefault\u00a0\u00bb global_colors_info=\u00a0\u00bb{}\u00a0\u00bb][\/et_pb_divider][\/et_pb_column][et_pb_column type=\u00a0\u00bb1_4&Prime; _builder_version=\u00a0\u00bb4.16&Prime; _module_preset=\u00a0\u00bbdefault\u00a0\u00bb global_colors_info=\u00a0\u00bb{}\u00a0\u00bb custom_css_main_element_last_edited=\u00a0\u00bbon|desktop\u00a0\u00bb custom_css_main_element_tablet=\u00a0\u00bbwidth: 20% !important\u00a0\u00bb custom_css_main_element_phone=\u00a0\u00bbwidth: 20% !important\u00a0\u00bb][et_pb_image src=\u00a0\u00bbhttps:\/\/www.ebroingredients.com\/wp-content\/uploads\/2022\/04\/icon-right-contact-form.png\u00a0\u00bb title_text=\u00a0\u00bbicon-right-contact-form\u00a0\u00bb show_bottom_space=\u00a0\u00bboff\u00a0\u00bb align=\u00a0\u00bbright\u00a0\u00bb _builder_version=\u00a0\u00bb4.16&Prime; _module_preset=\u00a0\u00bbdefault\u00a0\u00bb position_origin_a=\u00a0\u00bbtop_right\u00a0\u00bb horizontal_offset=\u00a0\u00bb0px\u00a0\u00bb global_colors_info=\u00a0\u00bb{}\u00a0\u00bb][\/et_pb_image][\/et_pb_column][\/et_pb_row][\/et_pb_section]<\/p>\n","protected":false},"excerpt":{"rendered":"<p>Contacter Ebro Ingr\u00e9dients Nous serons heureux de r\u00e9pondre \u00e0 toutes vos questions.Si vous avez besoin de plus d&rsquo;informations, veuillez remplir le formulaire ci-dessous et nous vous r\u00e9pondrons dans les plus brefs d\u00e9lais.Lassiestraat 1 1531 MG Wormer Pays-BasInt\u00e9ress\u00e9 par plus d&rsquo;informations? Contactez-nous\n<div class=\"wpcf7 no-js\" id=\"wpcf7-f6995-o2\" lang=\"fr-FR\" dir=\"ltr\" data-wpcf7-id=\"6995\">\n<div class=\"screen-reader-response\"><p role=\"status\" aria-live=\"polite\" aria-atomic=\"true\"><\/p> <ul><\/ul><\/div>\n<form action=\"\/fr\/wp-json\/wp\/v2\/pages\/7650#wpcf7-f6995-o2\" method=\"post\" class=\"wpcf7-form init et_pb_contact_form clearfix\" aria-label=\"Formulaire de contact\" novalidate=\"novalidate\" data-status=\"init\">\n<fieldset class=\"hidden-fields-container\"><input type=\"hidden\" name=\"_wpcf7\" value=\"6995\" \/><input type=\"hidden\" name=\"_wpcf7_version\" value=\"6.1.5\" \/><input type=\"hidden\" name=\"_wpcf7_locale\" value=\"fr_FR\" \/><input type=\"hidden\" name=\"_wpcf7_unit_tag\" value=\"wpcf7-f6995-o2\" \/><input type=\"hidden\" name=\"_wpcf7_container_post\" value=\"0\" \/><input type=\"hidden\" name=\"_wpcf7_posted_data_hash\" value=\"\" \/><input type=\"hidden\" name=\"_wpcf7_recaptcha_response\" value=\"\" \/>\n<\/fieldset>\n<div class=\"et_pb_contact\">\n\t<p class=\"et_pb_contact_field et_pb_contact_field_third\" data-id=\"name\" data-type=\"input\"><input size=\"40\" maxlength=\"400\" class=\"wpcf7-form-control wpcf7-text wpcf7-validates-as-required\" aria-required=\"true\" aria-invalid=\"false\" placeholder=\"&nbsp;\" value=\"\" type=\"text\" name=\"your-name\" \/><label class=\"label\">NOM<\/label>\n\t<\/p>\n\t<p class=\"et_pb_contact_field et_pb_contact_field_third\" data-id=\"email\" data-type=\"email\"><input size=\"40\" maxlength=\"400\" class=\"wpcf7-form-control wpcf7-email wpcf7-validates-as-required wpcf7-text wpcf7-validates-as-email\" aria-required=\"true\" aria-invalid=\"false\" placeholder=\"&nbsp;\" value=\"\" type=\"email\" name=\"your-email\" \/><label class=\"label\">EMAIL<\/label>\n\t<\/p>\n\t<p class=\"et_pb_contact_field et_pb_contact_field_third et_pb_contact_field_last\" data-id=\"phone\" data-type=\"input\"><input size=\"40\" maxlength=\"400\" class=\"wpcf7-form-control wpcf7-tel wpcf7-validates-as-required wpcf7-text wpcf7-validates-as-tel\" aria-required=\"true\" aria-invalid=\"false\" placeholder=\"&nbsp;\" value=\"\" type=\"tel\" name=\"your-phone\" \/><label class=\"label\">T\u00c9L\u00c9PHONE<\/label>\n\t<\/p>\n\t<p class=\"et_pb_contact_field et_pb_contact_field_half\" data-id=\"job\" data-type=\"input\"><input size=\"40\" maxlength=\"400\" class=\"wpcf7-form-control wpcf7-text wpcf7-validates-as-required\" aria-required=\"true\" aria-invalid=\"false\" placeholder=\"&nbsp;\" value=\"\" type=\"text\" name=\"your-job\" \/><label class=\"label\">TITRE PROFESSIONNEL<\/label>\n\t<\/p>\n\t<p class=\"et_pb_contact_field et_pb_contact_field_half et_pb_contact_field_last\" data-id=\"company\" data-type=\"input\"><input size=\"40\" maxlength=\"400\" class=\"wpcf7-form-control wpcf7-text wpcf7-validates-as-required\" aria-required=\"true\" aria-invalid=\"false\" placeholder=\"&nbsp;\" value=\"\" type=\"text\" name=\"your-company\" \/><label class=\"label\">SOCI\u00c9T\u00c9<\/label>\n\t<\/p>\n\t<p class=\"et_pb_contact_field et_pb_contact_field_last\" data-id=\"questions\" data-type=\"input\"><input size=\"40\" maxlength=\"400\" class=\"wpcf7-form-control wpcf7-text wpcf7-validates-as-required\" aria-required=\"true\" aria-invalid=\"false\" placeholder=\"&nbsp;\" value=\"\" type=\"text\" name=\"your-questions\" \/><label class=\"label\">QUESTIONS OU COMMENTAIRES<\/label>\n\t<\/p>\n\t<p class=\"et_pb_contact_field et_pb_contact_field_last\" data-id=\"accept\" data-type=\"checkbox\"><span class=\"wpcf7-form-control wpcf7-acceptance\"><span class=\"wpcf7-list-item\"><label><input type=\"checkbox\" name=\"privacy-acceptance\" value=\"1\" aria-invalid=\"false\" \/><span class=\"wpcf7-list-item-label\">J'ai lu et j'accepte la <a href=\"\/privacy-policy\/\" target=\"_blank\">Politique de Confidentialit\u00e9 et de Protection des Donn\u00e9es<\/a>.<\/span><\/label><\/span><\/span><br \/>\n<span class=\"wpcf7-form-control wpcf7-acceptance optional\"><span class=\"wpcf7-list-item\"><label><input type=\"checkbox\" name=\"data-acceptance\" value=\"1\" aria-invalid=\"false\" \/><span class=\"wpcf7-list-item-label\">J'accorde explicitement mon consentement au traitement de mes donn\u00e9es pour le but indiqu\u00e9.<\/span><\/label><\/span><\/span><br \/>\n<div class=\"et_pb_module et_pb_toggle et_pb_toggle_0 et_pb_toggle_item  et_pb_toggle_close\">\n\t\t\t\t\n\t\t\t\t\n\t\t\t\t\n\t\t\t\t\n\t\t\t\t<h6 class=\"et_pb_toggle_title\">Lien \u00e0 la politique de confidentialit\u00e9<\/h6>\n\t\t\t\t<div class=\"et_pb_toggle_content clearfix\"><p>Ebro Foods, S.A. est conscient de l'importance de la confidentialit\u00e9 et de la protection des donn\u00e9es personnelles. Par cons\u00e9quent, si vous souhaitez continuer \u00e0 remplir le formulaire, avant de nous envoyer vos donn\u00e9es, veuillez cliquer sur les cases ci-dessus.<br \/>Les donn\u00e9es que vous fournissez seront incluses dans un fichier appartenant \u00e0 Ebro Foods, S.A. et trait\u00e9es conform\u00e9ment \u00e0 notre <a href=\"https:\/\/www.ebroingredients.com\/fr\/politique-de-confidentialite-et-de-protection-des-donnees\/\" target=\"_blank\" rel=\"noopener\">Politique de confidentialit\u00e9 et de Protection des donn\u00e9es publi\u00e9e<\/a> sur ce site Web.<br \/>Vos donn\u00e9es seront trait\u00e9es dans le but de r\u00e9pondre \u00e0 votre demande et, le cas \u00e9ch\u00e9ant, de vous envoyer les informations que vous avez demand\u00e9es.<br \/>Nous vous informons que vos donn\u00e9es peuvent \u00eatre communiqu\u00e9es \u00e0 d'autres filiales du groupe Ebro Foods et \u00e0 des tiers lorsque cela est n\u00e9cessaire pour r\u00e9pondre \u00e0 votre demande.<br \/>En tant que personne concern\u00e9e, vous avez le droit de demander \u00e0 Ebro, en tant que responsable du traitement, l'acc\u00e8s \u00e0 vos donn\u00e9es \u00e0 caract\u00e8re personnel et leur rectification ou leur effacement, ou la limitation du traitement, ou de vous opposer au traitement, ainsi que le droit \u00e0 la portabilit\u00e9 des donn\u00e9es. \u00c0 cette fin, veuillez garder \u00e0 l'esprit que la divulgation de vos donn\u00e9es est essentielle pour nous permettre de maintenir la relation de communication que vous avez demand\u00e9e. Si n\u00e9cessaire, vous avez \u00e9galement le droit de d\u00e9poser une plainte aupr\u00e8s de l'Agence espagnole de protection des donn\u00e9es, l'autorit\u00e9 de contr\u00f4le comp\u00e9tente en Espagne.<\/p><\/div>\n\t\t\t<\/div>\n\t<\/p>\n\t<div class=\"et_contact_bottom_container\">\n\t\t<p><button id=\"submit\" type=\"submit\" name=\"et_builder_submit_button\" class=\"et_pb_contact_submit et_pb_button\">ENVOYER<\/button>\n\t\t<\/p>\n\t<\/div>\n<\/div><div class=\"wpcf7-response-output\" aria-hidden=\"true\"><\/div>\n<\/form>\n<\/div>\n<\/p>\n","protected":false},"author":2,"featured_media":0,"parent":0,"menu_order":15,"comment_status":"closed","ping_status":"closed","template":"","meta":{"_et_pb_use_builder":"on","_et_pb_old_content":"","_et_gb_content_width":"","footnotes":""},"class_list":["post-7650","page","type-page","status-publish","hentry"],"_links":{"self":[{"href":"https:\/\/www.ebroingredients.com\/fr\/wp-json\/wp\/v2\/pages\/7650","targetHints":{"allow":["GET"]}}],"collection":[{"href":"https:\/\/www.ebroingredients.com\/fr\/wp-json\/wp\/v2\/pages"}],"about":[{"href":"https:\/\/www.ebroingredients.com\/fr\/wp-json\/wp\/v2\/types\/page"}],"author":[{"embeddable":true,"href":"https:\/\/www.ebroingredients.com\/fr\/wp-json\/wp\/v2\/users\/2"}],"replies":[{"embeddable":true,"href":"https:\/\/www.ebroingredients.com\/fr\/wp-json\/wp\/v2\/comments?post=7650"}],"version-history":[{"count":3,"href":"https:\/\/www.ebroingredients.com\/fr\/wp-json\/wp\/v2\/pages\/7650\/revisions"}],"predecessor-version":[{"id":8043,"href":"https:\/\/www.ebroingredients.com\/fr\/wp-json\/wp\/v2\/pages\/7650\/revisions\/8043"}],"wp:attachment":[{"href":"https:\/\/www.ebroingredients.com\/fr\/wp-json\/wp\/v2\/media?parent=7650"}],"curies":[{"name":"wp","href":"https:\/\/api.w.org\/{rel}","templated":true}]}}