{"id":7306,"date":"2022-04-29T13:00:37","date_gmt":"2022-04-29T11:00:37","guid":{"rendered":"https:\/\/www.ebroingredients.com\/sostenibilidad\/"},"modified":"2024-09-10T11:00:19","modified_gmt":"2024-09-10T09:00:19","slug":"sostenibilidad","status":"publish","type":"page","link":"https:\/\/www.ebroingredients.com\/es\/sostenibilidad\/","title":{"rendered":"Sostenibilidad"},"content":{"rendered":"<p>[et_pb_section fb_built=\u00bb1&#8243; _builder_version=\u00bb4.16&#8243; _module_preset=\u00bbdefault\u00bb da_disable_devices=\u00bboff|off|off\u00bb global_colors_info=\u00bb{}\u00bb da_is_popup=\u00bboff\u00bb da_exit_intent=\u00bboff\u00bb da_has_close=\u00bbon\u00bb da_alt_close=\u00bboff\u00bb da_dark_close=\u00bboff\u00bb da_not_modal=\u00bbon\u00bb da_is_singular=\u00bboff\u00bb da_with_loader=\u00bboff\u00bb da_has_shadow=\u00bbon\u00bb][et_pb_row column_structure=\u00bb1_4,3_4&#8243; _builder_version=\u00bb4.16&#8243; _module_preset=\u00bbdefault\u00bb max_width=\u00bb980px\u00bb global_colors_info=\u00bb{}\u00bb][et_pb_column type=\u00bb1_4&#8243; _builder_version=\u00bb4.16&#8243; _module_preset=\u00bbdefault\u00bb global_colors_info=\u00bb{}\u00bb custom_css_main_element_last_edited=\u00bbon|desktop\u00bb custom_css_main_element_tablet=\u00bbwidth: 20.875%;||margin-right: 5.5%;\u00bb custom_css_main_element_phone=\u00bbwidth: auto;||margin-right: 0;\u00bb][et_pb_image src=\u00bbhttps:\/\/www.ebroingredients.com\/wp-content\/uploads\/2022\/07\/icon-sustainability.png\u00bb title_text=\u00bbicon-sustainability\u00bb align_last_edited=\u00bboff|phone\u00bb _builder_version=\u00bb4.16&#8243; _module_preset=\u00bbdefault\u00bb min_height_last_edited=\u00bboff|desktop\u00bb global_colors_info=\u00bb{}\u00bb][\/et_pb_image][\/et_pb_column][et_pb_column type=\u00bb3_4&#8243; _builder_version=\u00bb4.16&#8243; _module_preset=\u00bbdefault\u00bb global_colors_info=\u00bb{}\u00bb custom_css_main_element_last_edited=\u00bbon|phone\u00bb custom_css_main_element_tablet=\u00bbwidth: 73.625%;\u00bb custom_css_main_element_phone=\u00bbwidth:auto;\u00bb][et_pb_text _builder_version=\u00bb4.16&#8243; _module_preset=\u00bbdefault\u00bb link_font=\u00bb||||||||\u00bb link_text_align=\u00bbright\u00bb header_font=\u00bb|600|||||||\u00bb header_text_color=\u00bb#003087&#8243; max_width=\u00bb540px\u00bb global_colors_info=\u00bb{}\u00bb]<\/p>\n<h1>Sostenibilidad<\/h1>\n<h3>Estaremos encantados de responder cualquier pregunta relacionada con nuestras pol\u00edticas y programas de sostenibilidad. <br \/><!--3--><\/h3>\n<p>&nbsp;<\/p>\n<p>[\/et_pb_text][et_pb_text _builder_version=\u00bb4.26.0&#8243; _module_preset=\u00bbdefault\u00bb link_font=\u00bb||||||||\u00bb link_text_align=\u00bbright\u00bb header_font=\u00bb|600|||||||\u00bb header_text_color=\u00bb#003087&#8243; hover_enabled=\u00bb0&#8243; global_colors_info=\u00bb{}\u00bb sticky_enabled=\u00bb0&#8243;]<\/p>\n<p><strong>No hay buena innovaci\u00f3n si no es sostenible.<\/strong> Por ello, <strong>Ebro Ingredients<\/strong> trabaja duro para ayudar a alcanzar los <strong>Objetivos de Desarrollo Sostenible (ODS) que la ONU estableci\u00f3 en su Agenda 2015 para el Desarrollo Sostenible<\/strong>. En particular, trabajamos en 11 objetivos enfocados a <strong>garantizar la seguridad alimentaria y promover la agricultura<\/strong> y los procesos productivos sostenibles, al mismo tiempo que <strong>protegemos a nuestras comunidades y luchamos contra el cambio clim\u00e1tico<\/strong>. <strong>Para m\u00e1s informaci\u00f3n visita nuestra pagina web <a href=\"https:\/\/www.caringforyouandtheplanet.com\/en\/\" target=\"_blank\" rel=\"noopener\">CARING FOR YOU THE PLANET<\/a><\/strong><\/p>\n<p>[\/et_pb_text][et_pb_video src=\u00bbhttps:\/\/youtu.be\/i_XWTh8E4dk\u00bb _builder_version=\u00bb4.16&#8243; _module_preset=\u00bbdefault\u00bb global_colors_info=\u00bb{}\u00bb][\/et_pb_video][et_pb_text _builder_version=\u00bb4.16&#8243; _module_preset=\u00bbdefault\u00bb link_font=\u00bb||||||||\u00bb link_text_align=\u00bbright\u00bb header_font=\u00bb|600|||||||\u00bb header_text_color=\u00bb#003087&#8243; global_colors_info=\u00bb{}\u00bb][\/et_pb_text][\/et_pb_column][\/et_pb_row][\/et_pb_section][et_pb_section fb_built=\u00bb1&#8243; admin_label=\u00bbSection\u00bb _builder_version=\u00bb4.16&#8243; _module_preset=\u00bbdefault\u00bb background_color=\u00bb#003087&#8243; da_disable_devices=\u00bboff|off|off\u00bb global_colors_info=\u00bb{}\u00bb da_is_popup=\u00bboff\u00bb da_exit_intent=\u00bboff\u00bb da_has_close=\u00bbon\u00bb da_alt_close=\u00bboff\u00bb da_dark_close=\u00bboff\u00bb da_not_modal=\u00bbon\u00bb da_is_singular=\u00bboff\u00bb da_with_loader=\u00bboff\u00bb da_has_shadow=\u00bbon\u00bb][et_pb_row column_structure=\u00bb1_5,1_5,3_5&#8243; use_custom_gutter=\u00bbon\u00bb gutter_width=\u00bb1&#8243; make_equal=\u00bbon\u00bb _builder_version=\u00bb4.16&#8243; _module_preset=\u00bbdefault\u00bb max_width=\u00bb980px\u00bb custom_padding=\u00bb0px||0px||true|false\u00bb global_colors_info=\u00bb{}\u00bb][et_pb_column type=\u00bb1_5&#8243; _builder_version=\u00bb4.16&#8243; _module_preset=\u00bbdefault\u00bb custom_css_main_element=\u00bbwidth:15% !important;\u00bb global_colors_info=\u00bb{}\u00bb custom_css_main_element_last_edited=\u00bbon|phone\u00bb custom_css_main_element_tablet=\u00bbwidth:20% !important;\u00bb custom_css_main_element_phone=\u00bbwidth: 100% !important;\u00bb][et_pb_image src=\u00bbhttps:\/\/www.ebroingredients.com\/wp-content\/uploads\/2022\/07\/img-smart-food-design-2.png\u00bb title_text=\u00bbimg-smart-food-design-2&#8243; src_tablet=\u00bbhttps:\/\/www.ebroingredients.com\/wp-content\/uploads\/2022\/04\/img-smart-food-design.png\u00bb src_phone=\u00bbhttps:\/\/www.ebroingredients.com\/wp-content\/uploads\/2022\/04\/img-mvl-smart-food-design.png\u00bb src_last_edited=\u00bbon|phone\u00bb align_tablet=\u00bbleft\u00bb align_phone=\u00bbcenter\u00bb align_last_edited=\u00bbon|phone\u00bb _builder_version=\u00bb4.16&#8243; _module_preset=\u00bbdefault\u00bb global_colors_info=\u00bb{}\u00bb][\/et_pb_image][\/et_pb_column][et_pb_column type=\u00bb1_5&#8243; _builder_version=\u00bb4.16&#8243; _module_preset=\u00bbdefault\u00bb custom_padding=\u00bb20px|4vh|20px|2vh|true|false\u00bb custom_padding_tablet=\u00bb|0vh||0vh|true|true\u00bb custom_padding_phone=\u00bb|0vh||0vh|true|true\u00bb custom_padding_last_edited=\u00bbon|tablet\u00bb custom_css_main_element=\u00bbwidth:35% !important;\u00bb border_width_right=\u00bb1px\u00bb border_color_right=\u00bb#FFFFFF\u00bb border_color_bottom=\u00bb#FFFFFF\u00bb border_width_right_tablet=\u00bb0px\u00bb border_width_right_phone=\u00bb0px\u00bb border_width_right_last_edited=\u00bbon|tablet\u00bb border_width_bottom_tablet=\u00bb\u00bb border_width_bottom_phone=\u00bb1px\u00bb border_width_bottom_last_edited=\u00bbon|phone\u00bb border_width_left_tablet=\u00bb\u00bb border_width_left_phone=\u00bb\u00bb border_width_left_last_edited=\u00bbon|desktop\u00bb global_colors_info=\u00bb{}\u00bb custom_css_main_element_last_edited=\u00bbon|tablet\u00bb custom_css_main_element_tablet=\u00bbwidth:80% !important;\u00bb custom_css_main_element_phone=\u00bbwidth: 100% !important;\u00bb][et_pb_text _builder_version=\u00bb4.16&#8243; _module_preset=\u00bbdefault\u00bb link_font=\u00bb||||||||\u00bb header_2_font_size=\u00bb3.05rem\u00bb header_3_font=\u00bb||||||||\u00bb background_layout=\u00bbdark\u00bb custom_margin=\u00bb||5vh||false|false\u00bb locked=\u00bboff\u00bb global_colors_info=\u00bb{}\u00bb]<\/p>\n<h2>Agricultura inteligente <br \/>y Alimentaci\u00f3n<\/h2>\n<p>[\/et_pb_text][et_pb_text _builder_version=\u00bb4.16&#8243; _module_preset=\u00bbdefault\u00bb link_font=\u00bb||||||||\u00bb link_text_align=\u00bbright\u00bb link_text_color=\u00bb#FFFFFF\u00bb header_2_font_size=\u00bb3.05rem\u00bb header_3_font=\u00bb|300|||||||\u00bb header_3_font_size=\u00bb1.56rem\u00bb background_layout=\u00bbdark\u00bb locked=\u00bboff\u00bb global_colors_info=\u00bb{}\u00bb]<\/p>\n<h3>Sostenible y eficiente<\/h3>\n<p>[\/et_pb_text][\/et_pb_column][et_pb_column type=\u00bb3_5&#8243; _builder_version=\u00bb4.16&#8243; _module_preset=\u00bbdefault\u00bb custom_padding=\u00bb20px||20px|2vh|true|false\u00bb custom_padding_tablet=\u00bb20px|0vh|20px|0vh|true|true\u00bb custom_padding_phone=\u00bb0px||0px||true|false\u00bb custom_padding_last_edited=\u00bbon|tablet\u00bb custom_css_main_element=\u00bbwidth:50% !important;\u00bb global_colors_info=\u00bb{}\u00bb custom_css_main_element_last_edited=\u00bbon|desktop\u00bb custom_css_main_element_tablet=\u00bbwidth: 100% !important;\u00bb custom_css_main_element_phone=\u00bbwidth: 100% !important;\u00bb][et_pb_text _builder_version=\u00bb4.26.0&#8243; _module_preset=\u00bbdefault\u00bb text_font=\u00bb|600|||||||\u00bb ul_text_color=\u00bb#FFFFFF\u00bb background_layout=\u00bbdark\u00bb hover_enabled=\u00bb0&#8243; global_colors_info=\u00bb{}\u00bb sticky_enabled=\u00bb0&#8243;]<\/p>\n<p>Nuestro viaje abarca la agricultura respetuosa con el medio ambiente, la investigaci\u00f3n de ingredientes naturales, la producci\u00f3n de ingredientes desde planta piloto hasta planta industrial, y la aplicaci\u00f3n de nuestros ingredientes en productos para el consumidor,<\/p>\n<p>con el fin de presentar una soluci\u00f3n completa a nuestros clientes garantizando al mismo tiempo la sostenibilidad y el bienestar de los equipos humanos implicados en todos los procesos.<\/p>\n<p>[\/et_pb_text][\/et_pb_column][\/et_pb_row][\/et_pb_section][et_pb_section fb_built=\u00bb1&#8243; _builder_version=\u00bb4.16&#8243; _module_preset=\u00bbdefault\u00bb da_disable_devices=\u00bboff|off|off\u00bb global_colors_info=\u00bb{}\u00bb da_is_popup=\u00bboff\u00bb da_exit_intent=\u00bboff\u00bb da_has_close=\u00bbon\u00bb da_alt_close=\u00bboff\u00bb da_dark_close=\u00bboff\u00bb da_not_modal=\u00bbon\u00bb da_is_singular=\u00bboff\u00bb da_with_loader=\u00bboff\u00bb da_has_shadow=\u00bbon\u00bb][et_pb_row column_structure=\u00bb3_5,2_5&#8243; _builder_version=\u00bb4.16&#8243; _module_preset=\u00bbdefault\u00bb max_width=\u00bb980px\u00bb global_colors_info=\u00bb{}\u00bb][et_pb_column type=\u00bb3_5&#8243; _builder_version=\u00bb4.16&#8243; _module_preset=\u00bbdefault\u00bb global_colors_info=\u00bb{}\u00bb custom_css_main_element_last_edited=\u00bbon|phone\u00bb][et_pb_text _builder_version=\u00bb4.26.0&#8243; _module_preset=\u00bbdefault\u00bb link_font=\u00bb||||||||\u00bb header_font=\u00bb|600|||||||\u00bb header_text_color=\u00bb#003087&#8243; custom_margin=\u00bb||||false|false\u00bb hover_enabled=\u00bb0&#8243; global_colors_info=\u00bb{}\u00bb sticky_enabled=\u00bb0&#8243;]<\/p>\n<h2>Inovaci\u00f3n sostenible<\/h2>\n<p><strong>Ebro Ingredients<\/strong> trabaja de la mano de sus proveedores, cumpliendo con los m\u00e1s altos est\u00e1ndares de sostenibilidad.<\/p>\n<p>[\/et_pb_text][et_pb_text _builder_version=\u00bb4.26.0&#8243; _module_preset=\u00bbdefault\u00bb link_font=\u00bb||||||||\u00bb header_font=\u00bb|600|||||||\u00bb header_text_color=\u00bb#003087&#8243; hover_enabled=\u00bb0&#8243; global_colors_info=\u00bb{}\u00bb sticky_enabled=\u00bb0&#8243;]<\/p>\n<p>Comenzamos <strong>adquiriendo nuestros cultivos directamente de los productores,<\/strong> garantizando un precio que les dar\u00e1 un rendimiento adecuado para que puedan <strong>reinvertir en mejores y m\u00e1s sostenibles pr\u00e1cticas<\/strong>.<\/p>\n<p>Adem\u00e1s, a la hora de planificar la siembra, nos aseguramos de elegir las <strong>variedades m\u00e1s ecol\u00f3gicas<\/strong> para proteger el entorno en el que se cultivan.<\/p>\n<p>Apostamos por <strong>la producci\u00f3n integrada<\/strong>, que nos permite reducir el uso de fertilizantes y de pesticidas, contribuyendo as\u00ed a proteger la biodiversidad.<\/p>\n<p>Tenemos varios proyectos de cultivo por contrato en varios pa\u00edses del mundo donde cultivamos nuestras propias materias primas con agricultores locales, siguiendo los principios mencionados anteriormente.<\/p>\n<p>Es el caso del <strong>arroz, la quinoa y varias legumbres<\/strong>. Dentro de estos programas, ofrecemos una trazabilidad total, la certificaci\u00f3n de sostenibilidad, la certificaci\u00f3n org\u00e1nica, y calidad para nutrici\u00f3n infantil.<\/p>\n<p>Un ejemplo son nuestros arrozales en el sur de Espa\u00f1a, donde cultivamos arroz convencional y arroz ecol\u00f3gico para la industria de alimentaci\u00f3n infantil. Este arroz no s\u00f3lo tiene <strong>trazabilidad total, desde la semilla hasta el ingrediente, sino que tambi\u00e9n se cultiva en condiciones sostenibles<\/strong>, seg\u00fan la iniciativa FSA (Farm Sustainable Assessment). Cons\u00faltanos para m\u00e1s informaci\u00f3n sobre nuestros programas &#8216;de la semilla al ingrediente&#8217;.<\/p>\n<p>[\/et_pb_text][et_pb_video src=\u00bbhttps:\/\/www.youtube.com\/watch?v=fH765IhniOQ\u00bb _builder_version=\u00bb4.16&#8243; _module_preset=\u00bbdefault\u00bb custom_margin=\u00bb||||false|false\u00bb global_colors_info=\u00bb{}\u00bb][\/et_pb_video][\/et_pb_column][et_pb_column type=\u00bb2_5&#8243; _builder_version=\u00bb4.16&#8243; _module_preset=\u00bbdefault\u00bb global_colors_info=\u00bb{}\u00bb custom_css_main_element_last_edited=\u00bbon|phone\u00bb][et_pb_image src=\u00bbhttps:\/\/www.ebroingredients.com\/wp-content\/uploads\/2022\/11\/idi-new.jpg\u00bb title_text=\u00bbidi-new\u00bb align=\u00bbright\u00bb align_tablet=\u00bbcenter\u00bb align_phone=\u00bbcenter\u00bb align_last_edited=\u00bbon|tablet\u00bb _builder_version=\u00bb4.16&#8243; _module_preset=\u00bbdefault\u00bb min_height_last_edited=\u00bboff|desktop\u00bb global_colors_info=\u00bb{}\u00bb][\/et_pb_image][\/et_pb_column][\/et_pb_row][et_pb_row admin_label=\u00bbRow\u00bb _builder_version=\u00bb4.16&#8243; _module_preset=\u00bbdefault\u00bb max_width=\u00bb980px\u00bb global_colors_info=\u00bb{}\u00bb][et_pb_column type=\u00bb4_4&#8243; _builder_version=\u00bb4.16&#8243; _module_preset=\u00bbdefault\u00bb global_colors_info=\u00bb{}\u00bb custom_css_main_element_last_edited=\u00bbon|phone\u00bb custom_css_main_element_tablet=\u00bbwidth: 73.625%;\u00bb custom_css_main_element_phone=\u00bbwidth:auto;\u00bb][et_pb_text _builder_version=\u00bb4.16&#8243; _module_preset=\u00bbdefault\u00bb link_font=\u00bb||||||||\u00bb link_text_align=\u00bbright\u00bb header_font=\u00bb|600|||||||\u00bb header_text_color=\u00bb#003087&#8243; max_width=\u00bb540px\u00bb global_colors_info=\u00bb{}\u00bb]<\/p>\n<h2>Disponemos de 2 centros de I+D con plantas piloto totalmente equipadas<\/h2>\n<p>[\/et_pb_text][\/et_pb_column][\/et_pb_row][\/et_pb_section][et_pb_section fb_built=\u00bb1&#8243; admin_label=\u00bbSection\u00bb module_class=\u00bbsec-full\u00bb _builder_version=\u00bb4.14.7&#8243; _module_preset=\u00bbdefault\u00bb da_disable_devices=\u00bboff|off|off\u00bb global_module=\u00bb4540&#8243; saved_tabs=\u00bball\u00bb locked=\u00bboff\u00bb global_colors_info=\u00bb{}\u00bb da_is_popup=\u00bboff\u00bb da_exit_intent=\u00bboff\u00bb da_has_close=\u00bbon\u00bb da_alt_close=\u00bboff\u00bb da_dark_close=\u00bboff\u00bb da_not_modal=\u00bbon\u00bb da_is_singular=\u00bboff\u00bb da_with_loader=\u00bboff\u00bb da_has_shadow=\u00bbon\u00bb][et_pb_row custom_padding_last_edited=\u00bbon|phone\u00bb module_class=\u00bbtrngl\u00bb _builder_version=\u00bb4.16&#8243; _module_preset=\u00bbdefault\u00bb background_color=\u00bb#f1eedf\u00bb module_alignment=\u00bbcenter\u00bb custom_margin=\u00bb||||false|false\u00bb custom_padding=\u00bb5vh|8vw|5vh|4vw|true|false\u00bb custom_padding_tablet=\u00bb|||8vw|true|false\u00bb custom_padding_phone=\u00bb|||8vw|true|false\u00bb border_radii=\u00bboff||70px||\u00bb global_colors_info=\u00bb{}\u00bb][et_pb_column type=\u00bb4_4&#8243; _builder_version=\u00bb4.16&#8243; _module_preset=\u00bbdefault\u00bb global_colors_info=\u00bb{}\u00bb][et_pb_text module_id=\u00bbcontactform\u00bb _builder_version=\u00bb4.21.0&#8243; _module_preset=\u00bbdefault\u00bb text_font=\u00bb|600|||||||\u00bb text_font_size=\u00bb1.56rem\u00bb global_colors_info=\u00bb{}\u00bb]<\/p>\n<h2>\u00bfQuieres saber m\u00e1s?<\/h2>\n<p>Cont\u00e1ctanos<\/p>\n<p>[\/et_pb_text][et_pb_text _builder_version=\u00bb4.16&#8243; _module_preset=\u00bbdefault\u00bb global_colors_info=\u00bb{}\u00bb]\n<div class=\"wpcf7 no-js\" id=\"wpcf7-f6994-o1\" lang=\"es-ES\" dir=\"ltr\" data-wpcf7-id=\"6994\">\n<div class=\"screen-reader-response\"><p role=\"status\" aria-live=\"polite\" aria-atomic=\"true\"><\/p> <ul><\/ul><\/div>\n<form action=\"\/es\/wp-json\/wp\/v2\/pages\/7306#wpcf7-f6994-o1\" method=\"post\" class=\"wpcf7-form init et_pb_contact_form clearfix\" aria-label=\"Formulario de contacto\" novalidate=\"novalidate\" data-status=\"init\">\n<fieldset class=\"hidden-fields-container\"><input type=\"hidden\" name=\"_wpcf7\" value=\"6994\" \/><input type=\"hidden\" name=\"_wpcf7_version\" value=\"6.1.5\" \/><input type=\"hidden\" name=\"_wpcf7_locale\" value=\"es_ES\" \/><input type=\"hidden\" name=\"_wpcf7_unit_tag\" value=\"wpcf7-f6994-o1\" \/><input type=\"hidden\" name=\"_wpcf7_container_post\" value=\"0\" \/><input type=\"hidden\" name=\"_wpcf7_posted_data_hash\" value=\"\" \/><input type=\"hidden\" name=\"_wpcf7_recaptcha_response\" value=\"\" \/>\n<\/fieldset>\n<div class=\"et_pb_contact\">\n\t<p class=\"et_pb_contact_field et_pb_contact_field_third\" data-id=\"name\" data-type=\"input\"><input size=\"40\" maxlength=\"400\" class=\"wpcf7-form-control wpcf7-text wpcf7-validates-as-required\" aria-required=\"true\" aria-invalid=\"false\" placeholder=\"&nbsp;\" value=\"\" type=\"text\" name=\"your-name\" \/><label class=\"label\">NOMBRE<\/label>\n\t<\/p>\n\t<p class=\"et_pb_contact_field et_pb_contact_field_third\" data-id=\"email\" data-type=\"email\"><input size=\"40\" maxlength=\"400\" class=\"wpcf7-form-control wpcf7-email wpcf7-validates-as-required wpcf7-text wpcf7-validates-as-email\" aria-required=\"true\" aria-invalid=\"false\" placeholder=\"&nbsp;\" value=\"\" type=\"email\" name=\"your-email\" \/><label class=\"label\">EMAIL<\/label>\n\t<\/p>\n\t<p class=\"et_pb_contact_field et_pb_contact_field_third et_pb_contact_field_last\" data-id=\"phone\" data-type=\"input\"><input size=\"40\" maxlength=\"400\" class=\"wpcf7-form-control wpcf7-tel wpcf7-validates-as-required wpcf7-text wpcf7-validates-as-tel\" aria-required=\"true\" aria-invalid=\"false\" placeholder=\"&nbsp;\" value=\"\" type=\"tel\" name=\"your-phone\" \/><label class=\"label\">TEL\u00c9FONO<\/label>\n\t<\/p>\n\t<p class=\"et_pb_contact_field et_pb_contact_field_third\" data-id=\"job\" data-type=\"input\"><input size=\"40\" maxlength=\"400\" class=\"wpcf7-form-control wpcf7-text wpcf7-validates-as-required\" aria-required=\"true\" aria-invalid=\"false\" placeholder=\"&nbsp;\" value=\"\" type=\"text\" name=\"your-job\" \/><label class=\"label\">T\u00cdTULO<\/label>\n\t<\/p>\n\t<p class=\"et_pb_contact_field et_pb_contact_field_two_thirds et_pb_contact_field_last\" data-id=\"company\" data-type=\"input\"><input size=\"40\" maxlength=\"400\" class=\"wpcf7-form-control wpcf7-text wpcf7-validates-as-required\" aria-required=\"true\" aria-invalid=\"false\" placeholder=\"&nbsp;\" value=\"\" type=\"text\" name=\"your-company\" \/><label class=\"label\">EMPRESA<\/label>\n\t<\/p>\n\t<p class=\"et_pb_contact_field et_pb_contact_field_last\" data-id=\"questions\" data-type=\"input\"><input size=\"40\" maxlength=\"400\" class=\"wpcf7-form-control wpcf7-text wpcf7-validates-as-required\" aria-required=\"true\" aria-invalid=\"false\" placeholder=\"&nbsp;\" value=\"\" type=\"text\" name=\"your-questions\" \/><label class=\"label\">PREGUNTAS Y SOLUCIONES<\/label>\n\t<\/p>\n\t<p class=\"et_pb_contact_field et_pb_contact_field_last\" data-id=\"accept\" data-type=\"checkbox\"><span class=\"wpcf7-form-control wpcf7-acceptance\"><span class=\"wpcf7-list-item\"><label><input type=\"checkbox\" name=\"privacy-acceptance\" value=\"1\" aria-invalid=\"false\" \/><span class=\"wpcf7-list-item-label\">He le\u00eddo y acepto la <a href=\"\/es\/politica-de-privacidad-y-proteccion-de-datos\/\" target=\"\"_blank\"\">Pol\u00edtica de Privacidad y Protecci\u00f3n de Datos<\/a>.<\/span><\/label><\/span><\/span><\/span><span class=\"wpcf7-form-control-wrap\" data-name=\"data-acceptance\"><span class=\"wpcf7-form-control wpcf7-acceptance optional\"><span class=\"wpcf7-list-item\"><label><input type=\"checkbox\" name=\"data-acceptance\" value=\"1\" aria-invalid=\"false\" \/><span class=\"wpcf7-list-item-label\">Doy expresamente mi consentimiento al tratamiento de mis datos con la finalidad indicada.<\/span><\/label><\/span><\/span>[et_pb_section global_module=\"4319\"][\/et_pb_section]\n\t<\/p>\n\t<div class=\"et_contact_bottom_container\">\n\t\t<p><button id=\"submit\" type=\"submit\" name=\"et_builder_submit_button\" class=\"et_pb_contact_submit et_pb_button\">ENVIAR<\/button>\n\t\t<\/p>\n\t<\/div>\n<\/div><div class=\"wpcf7-response-output\" aria-hidden=\"true\"><\/div>\n<\/form>\n<\/div>\n[\/et_pb_text][\/et_pb_column][\/et_pb_row][et_pb_row column_structure=\u00bb3_4,1_4&#8243; _builder_version=\u00bb4.16&#8243; _module_preset=\u00bbdefault\u00bb positioning=\u00bbabsolute\u00bb position_origin_a=\u00bbtop_right\u00bb vertical_offset=\u00bb6vh\u00bb vertical_offset_tablet=\u00bb6vh\u00bb vertical_offset_phone=\u00bb0vh\u00bb vertical_offset_last_edited=\u00bbon|tablet\u00bb global_colors_info=\u00bb{}\u00bb][et_pb_column type=\u00bb3_4&#8243; _builder_version=\u00bb4.16&#8243; _module_preset=\u00bbdefault\u00bb global_colors_info=\u00bb{}\u00bb custom_css_main_element_last_edited=\u00bbon|tablet\u00bb custom_css_main_element_tablet=\u00bbwidth: 80% !important;\u00bb custom_css_main_element_phone=\u00bbwidth: 80% !important;\u00bb][et_pb_divider show_divider=\u00bboff\u00bb _builder_version=\u00bb4.16&#8243; _module_preset=\u00bbdefault\u00bb global_colors_info=\u00bb{}\u00bb][\/et_pb_divider][\/et_pb_column][et_pb_column type=\u00bb1_4&#8243; _builder_version=\u00bb4.16&#8243; _module_preset=\u00bbdefault\u00bb global_colors_info=\u00bb{}\u00bb custom_css_main_element_last_edited=\u00bbon|desktop\u00bb custom_css_main_element_tablet=\u00bbwidth: 20% !important\u00bb custom_css_main_element_phone=\u00bbwidth: 20% !important\u00bb][et_pb_image src=\u00bbhttps:\/\/www.ebroingredients.com\/wp-content\/uploads\/2022\/04\/icon-right-contact-form.png\u00bb title_text=\u00bbicon-right-contact-form\u00bb show_bottom_space=\u00bboff\u00bb align=\u00bbright\u00bb _builder_version=\u00bb4.16&#8243; _module_preset=\u00bbdefault\u00bb position_origin_a=\u00bbtop_right\u00bb horizontal_offset=\u00bb0px\u00bb global_colors_info=\u00bb{}\u00bb][\/et_pb_image][\/et_pb_column][\/et_pb_row][\/et_pb_section]<\/p>\n","protected":false},"excerpt":{"rendered":"<p>Sostenibilidad Estaremos encantados de responder cualquier pregunta relacionada con nuestras pol\u00edticas y programas de sostenibilidad. &nbsp;No hay buena innovaci\u00f3n si no es sostenible. Por ello, Ebro Ingredients trabaja duro para ayudar a alcanzar los Objetivos de Desarrollo Sostenible (ODS) que la ONU estableci\u00f3 en su Agenda 2015 para el Desarrollo Sostenible. En particular, trabajamos en [&hellip;]<\/p>\n","protected":false},"author":2,"featured_media":0,"parent":0,"menu_order":4,"comment_status":"closed","ping_status":"closed","template":"","meta":{"_et_pb_use_builder":"on","_et_pb_old_content":"","_et_gb_content_width":"","footnotes":""},"class_list":["post-7306","page","type-page","status-publish","hentry"],"_links":{"self":[{"href":"https:\/\/www.ebroingredients.com\/es\/wp-json\/wp\/v2\/pages\/7306","targetHints":{"allow":["GET"]}}],"collection":[{"href":"https:\/\/www.ebroingredients.com\/es\/wp-json\/wp\/v2\/pages"}],"about":[{"href":"https:\/\/www.ebroingredients.com\/es\/wp-json\/wp\/v2\/types\/page"}],"author":[{"embeddable":true,"href":"https:\/\/www.ebroingredients.com\/es\/wp-json\/wp\/v2\/users\/2"}],"replies":[{"embeddable":true,"href":"https:\/\/www.ebroingredients.com\/es\/wp-json\/wp\/v2\/comments?post=7306"}],"version-history":[{"count":3,"href":"https:\/\/www.ebroingredients.com\/es\/wp-json\/wp\/v2\/pages\/7306\/revisions"}],"predecessor-version":[{"id":7498,"href":"https:\/\/www.ebroingredients.com\/es\/wp-json\/wp\/v2\/pages\/7306\/revisions\/7498"}],"wp:attachment":[{"href":"https:\/\/www.ebroingredients.com\/es\/wp-json\/wp\/v2\/media?parent=7306"}],"curies":[{"name":"wp","href":"https:\/\/api.w.org\/{rel}","templated":true}]}}