{"id":7150,"date":"2022-04-29T13:00:10","date_gmt":"2022-04-29T11:00:10","guid":{"rendered":"https:\/\/www.ebroingredients.com\/clean-label-solutions\/"},"modified":"2024-09-10T11:47:06","modified_gmt":"2024-09-10T09:47:06","slug":"clean-label-solutions","status":"publish","type":"page","link":"https:\/\/www.ebroingredients.com\/es\/clean-label-solutions\/","title":{"rendered":"Soluciones Clean Label"},"content":{"rendered":"<p>[et_pb_section fb_built=\u00bb1&#8243; admin_label=\u00bbSection\u00bb _builder_version=\u00bb4.16&#8243; _module_preset=\u00bbdefault\u00bb da_disable_devices=\u00bboff|off|off\u00bb global_colors_info=\u00bb{}\u00bb da_is_popup=\u00bboff\u00bb da_exit_intent=\u00bboff\u00bb da_has_close=\u00bbon\u00bb da_alt_close=\u00bboff\u00bb da_dark_close=\u00bboff\u00bb da_not_modal=\u00bbon\u00bb da_is_singular=\u00bboff\u00bb da_with_loader=\u00bboff\u00bb da_has_shadow=\u00bbon\u00bb][et_pb_row column_structure=\u00bb1_4,3_4&#8243; _builder_version=\u00bb4.16&#8243; _module_preset=\u00bbdefault\u00bb max_width=\u00bb980px\u00bb global_colors_info=\u00bb{}\u00bb][et_pb_column type=\u00bb1_4&#8243; _builder_version=\u00bb4.16&#8243; _module_preset=\u00bbdefault\u00bb global_colors_info=\u00bb{}\u00bb custom_css_main_element_last_edited=\u00bbon|tablet\u00bb custom_css_main_element_tablet=\u00bbwidth: 20.875%;||margin-right: 5.5%;\u00bb custom_css_main_element_phone=\u00bbwidth: auto;||margin-right: 0;\u00bb][et_pb_image src=\u00bbhttps:\/\/www.ebroingredients.com\/wp-content\/uploads\/2022\/07\/icon-clean-label-solutions.png\u00bb title_text=\u00bbicon-clean-label-solutions\u00bb _builder_version=\u00bb4.16&#8243; _module_preset=\u00bbdefault\u00bb max_width_tablet=\u00bb\u00bb max_width_phone=\u00bb100px\u00bb max_width_last_edited=\u00bbon|phone\u00bb global_colors_info=\u00bb{}\u00bb][\/et_pb_image][\/et_pb_column][et_pb_column type=\u00bb3_4&#8243; _builder_version=\u00bb4.16&#8243; _module_preset=\u00bbdefault\u00bb global_colors_info=\u00bb{}\u00bb custom_css_main_element_last_edited=\u00bbon|tablet\u00bb custom_css_main_element_tablet=\u00bbwidth: 73.625%;\u00bb custom_css_main_element_phone=\u00bbwidth:auto;\u00bb][et_pb_text _builder_version=\u00bb4.16&#8243; _module_preset=\u00bbdefault\u00bb text_font=\u00bb|600|||||||\u00bb text_text_color=\u00bb#003087&#8243; text_font_size=\u00bb1.56rem\u00bb link_font=\u00bb||||||||\u00bb header_font=\u00bb||||||||\u00bb max_width=\u00bb540px\u00bb global_colors_info=\u00bb{}\u00bb]<\/p>\n<h1>Soluciones Clean Label<\/h1>\n<p>[\/et_pb_text][et_pb_text _builder_version=\u00bb4.21.0&#8243; _module_preset=\u00bbdefault\u00bb link_font=\u00bb||||||||\u00bb header_font=\u00bb||||||||\u00bb hover_enabled=\u00bb0&#8243; global_colors_info=\u00bb{}\u00bb sticky_enabled=\u00bb0&#8243;]<\/p>\n<p><strong>Ebro Ingredients<\/strong> s\u00f3lo <strong>fabrica ingredientes naturales de etiqueta limpia<\/strong>. <strong>No se producen, utilizan ni agregan productos qu\u00edmicos<\/strong>, modificados o sint\u00e9ticos a nuestra cartera de productos. Por ello, todas nuestras soluciones son <strong>clean label<\/strong>. Adem\u00e1s, hemos desarrollado <strong>varias soluciones para sustituir los aditivos por ingredientes naturales<\/strong>. Ejemplos son: soluciones para reemplazar el di\u00f3xido de titanio (E171), sustitutos de maltodextrina, alternativos naturales al almid\u00f3n modificado, productos sin gluten y sin soja, y muchos m\u00e1s.<\/p>\n<p>[\/et_pb_text][\/et_pb_column][\/et_pb_row][\/et_pb_section][et_pb_section fb_built=\u00bb1&#8243; admin_label=\u00bbSection\u00bb _builder_version=\u00bb4.17.1&#8243; _module_preset=\u00bbdefault\u00bb da_disable_devices=\u00bboff|off|off\u00bb locked=\u00bboff\u00bb global_colors_info=\u00bb{}\u00bb da_is_popup=\u00bboff\u00bb da_exit_intent=\u00bboff\u00bb da_has_close=\u00bbon\u00bb da_alt_close=\u00bboff\u00bb da_dark_close=\u00bboff\u00bb da_not_modal=\u00bbon\u00bb da_is_singular=\u00bboff\u00bb da_with_loader=\u00bboff\u00bb da_has_shadow=\u00bbon\u00bb][et_pb_row _builder_version=\u00bb4.17.1&#8243; _module_preset=\u00bbdefault\u00bb max_width=\u00bb980px\u00bb global_colors_info=\u00bb{}\u00bb][et_pb_column type=\u00bb4_4&#8243; _builder_version=\u00bb4.17.1&#8243; _module_preset=\u00bbdefault\u00bb custom_padding_tablet=\u00bb||||false|false\u00bb custom_padding_phone=\u00bb||70px||false|false\u00bb custom_padding_last_edited=\u00bboff|desktop\u00bb global_colors_info=\u00bb{}\u00bb][et_pb_text _builder_version=\u00bb4.16&#8243; _module_preset=\u00bbdefault\u00bb max_width=\u00bb540px\u00bb global_colors_info=\u00bb{}\u00bb]<\/p>\n<h2>Ebro Ingredients ha desarrollado muchas soluciones <\/h2>\n<p>[\/et_pb_text][\/et_pb_column][\/et_pb_row][et_pb_row column_structure=\u00bb1_4,1_4,1_4,1_4&#8243; use_custom_gutter=\u00bbon\u00bb gutter_width=\u00bb1&#8243; make_equal=\u00bbon\u00bb _builder_version=\u00bb4.17.1&#8243; _module_preset=\u00bbdefault\u00bb max_width=\u00bb980px\u00bb custom_padding=\u00bb0px||0px||true|false\u00bb border_radii=\u00bboff||70px||\u00bb global_colors_info=\u00bb{}\u00bb][et_pb_column type=\u00bb1_4&#8243; _builder_version=\u00bb4.16&#8243; _module_preset=\u00bbdefault\u00bb background_color=\u00bb#dbd557&#8243; custom_padding=\u00bb20px|20px|50px|20px|false|true\u00bb custom_padding_tablet=\u00bb||70px||false|true\u00bb custom_padding_phone=\u00bb||70px||false|true\u00bb custom_padding_last_edited=\u00bbon|tablet\u00bb global_colors_info=\u00bb{}\u00bb][et_pb_blurb title=\u00bbSoluciones de Prote\u00edna Vegetal\u00bb url=\u00bb@ET-DC@eyJkeW5hbWljIjp0cnVlLCJjb250ZW50IjoicG9zdF9saW5rX3VybF9zb2x1dGlvbnMiLCJzZXR0aW5ncyI6eyJwb3N0X2lkIjoiMjE2MSJ9fQ==@\u00bb image=\u00bbhttps:\/\/www.ebroingredients.com\/wp-content\/uploads\/2022\/05\/icon-grid-products-1.png\u00bb icon_alignment=\u00bbleft\u00bb _builder_version=\u00bb4.16&#8243; _dynamic_attributes=\u00bburl\u00bb _module_preset=\u00bbdefault\u00bb header_level=\u00bbh3&#8243; text_orientation=\u00bbcenter\u00bb global_colors_info=\u00bb{}\u00bb][\/et_pb_blurb][\/et_pb_column][et_pb_column type=\u00bb1_4&#8243; _builder_version=\u00bb4.16&#8243; _module_preset=\u00bbdefault\u00bb background_color=\u00bb#003288&#8243; custom_padding=\u00bb20px|20px|50px|20px|false|true\u00bb custom_padding_tablet=\u00bb||70px||false|true\u00bb custom_padding_phone=\u00bb||70px||false|true\u00bb custom_padding_last_edited=\u00bbon|tablet\u00bb global_colors_info=\u00bb{}\u00bb][et_pb_blurb title=\u00bbSoluciones de Almid\u00f3n\u00bb url=\u00bb@ET-DC@eyJkeW5hbWljIjp0cnVlLCJjb250ZW50IjoicG9zdF9saW5rX3VybF9zb2x1dGlvbnMiLCJzZXR0aW5ncyI6eyJwb3N0X2lkIjoiMjE2MiJ9fQ==@\u00bb image=\u00bbhttps:\/\/www.ebroingredients.com\/wp-content\/uploads\/2022\/05\/icon-grid-products-8.png\u00bb icon_alignment=\u00bbleft\u00bb _builder_version=\u00bb4.16&#8243; _dynamic_attributes=\u00bburl\u00bb _module_preset=\u00bbdefault\u00bb header_level=\u00bbh3&#8243; text_orientation=\u00bbcenter\u00bb background_layout=\u00bbdark\u00bb global_colors_info=\u00bb{}\u00bb][\/et_pb_blurb][\/et_pb_column][et_pb_column type=\u00bb1_4&#8243; _builder_version=\u00bb4.16&#8243; _module_preset=\u00bbdefault\u00bb background_color=\u00bb#f5f3e3&#8243; custom_padding=\u00bb20px|20px|50px|20px|false|true\u00bb custom_padding_tablet=\u00bb||70px||false|true\u00bb custom_padding_phone=\u00bb||70px||false|true\u00bb custom_padding_last_edited=\u00bbon|tablet\u00bb global_colors_info=\u00bb{}\u00bb][et_pb_blurb title=\u00bbSoluciones de Fibra Diet\u00e9tica\u00bb url=\u00bb@ET-DC@eyJkeW5hbWljIjp0cnVlLCJjb250ZW50IjoicG9zdF9saW5rX3VybF9zb2x1dGlvbnMiLCJzZXR0aW5ncyI6eyJwb3N0X2lkIjoiMjE2MyJ9fQ==@\u00bb image=\u00bbhttps:\/\/www.ebroingredients.com\/wp-content\/uploads\/2022\/05\/icon-grid-products-3.png\u00bb icon_alignment=\u00bbleft\u00bb _builder_version=\u00bb4.16&#8243; _dynamic_attributes=\u00bburl\u00bb _module_preset=\u00bbdefault\u00bb header_level=\u00bbh3&#8243; text_orientation=\u00bbcenter\u00bb global_colors_info=\u00bb{}\u00bb][\/et_pb_blurb][\/et_pb_column][et_pb_column type=\u00bb1_4&#8243; _builder_version=\u00bb4.16&#8243; _module_preset=\u00bbdefault\u00bb background_color=\u00bb#00559b\u00bb custom_padding=\u00bb20px|20px|50px|20px|false|true\u00bb custom_padding_tablet=\u00bb||70px||false|true\u00bb custom_padding_phone=\u00bb||70px||false|true\u00bb custom_padding_last_edited=\u00bbon|tablet\u00bb global_colors_info=\u00bb{}\u00bb][et_pb_blurb title=\u00bbSoluciones Org\u00e1nicas\u00bb url=\u00bb@ET-DC@eyJkeW5hbWljIjp0cnVlLCJjb250ZW50IjoicG9zdF9saW5rX3VybF9zb2x1dGlvbnMiLCJzZXR0aW5ncyI6eyJwb3N0X2lkIjoiMjE2NCJ9fQ==@\u00bb image=\u00bbhttps:\/\/www.ebroingredients.com\/wp-content\/uploads\/2022\/05\/icon-grid-products-8.png\u00bb icon_alignment=\u00bbleft\u00bb _builder_version=\u00bb4.16&#8243; _dynamic_attributes=\u00bburl\u00bb _module_preset=\u00bbdefault\u00bb header_level=\u00bbh3&#8243; text_orientation=\u00bbcenter\u00bb background_layout=\u00bbdark\u00bb global_colors_info=\u00bb{}\u00bb][\/et_pb_blurb][\/et_pb_column][\/et_pb_row][et_pb_row column_structure=\u00bb1_4,1_4,1_4,1_4&#8243; use_custom_gutter=\u00bbon\u00bb gutter_width=\u00bb1&#8243; make_equal=\u00bbon\u00bb _builder_version=\u00bb4.16&#8243; _module_preset=\u00bbdefault\u00bb max_width=\u00bb980px\u00bb custom_padding=\u00bb0px||0px||true|false\u00bb border_radii=\u00bboff||||70px\u00bb global_colors_info=\u00bb{}\u00bb][et_pb_column type=\u00bb1_4&#8243; _builder_version=\u00bb4.16&#8243; _module_preset=\u00bbdefault\u00bb background_color=\u00bb#00559b\u00bb custom_padding=\u00bb20px|20px|50px|20px|false|true\u00bb custom_padding_tablet=\u00bb||70px||false|true\u00bb custom_padding_phone=\u00bb||70px||false|true\u00bb custom_padding_last_edited=\u00bbon|tablet\u00bb global_colors_info=\u00bb{}\u00bb][et_pb_blurb title=\u00bbSoluciones para nutrici\u00f3n infantil\u00bb url=\u00bb@ET-DC@eyJkeW5hbWljIjp0cnVlLCJjb250ZW50IjoicG9zdF9saW5rX3VybF9zb2x1dGlvbnMiLCJzZXR0aW5ncyI6eyJwb3N0X2lkIjoiMjE2NSJ9fQ==@\u00bb image=\u00bbhttps:\/\/www.ebroingredients.com\/wp-content\/uploads\/2022\/05\/icon-grid-products-7.png\u00bb icon_alignment=\u00bbleft\u00bb _builder_version=\u00bb4.16&#8243; _dynamic_attributes=\u00bburl\u00bb _module_preset=\u00bbdefault\u00bb header_level=\u00bbh3&#8243; text_orientation=\u00bbcenter\u00bb background_layout=\u00bbdark\u00bb global_colors_info=\u00bb{}\u00bb][\/et_pb_blurb][\/et_pb_column][et_pb_column type=\u00bb1_4&#8243; _builder_version=\u00bb4.16&#8243; _module_preset=\u00bbdefault\u00bb background_color=\u00bb#f5f3e3&#8243; custom_padding=\u00bb20px|20px|50px|20px|false|true\u00bb custom_padding_tablet=\u00bb||70px||false|true\u00bb custom_padding_phone=\u00bb||70px||false|true\u00bb custom_padding_last_edited=\u00bbon|tablet\u00bb global_colors_info=\u00bb{}\u00bb][et_pb_blurb title=\u00bbSoluciones Clean label \u00bb url=\u00bb@ET-DC@eyJkeW5hbWljIjp0cnVlLCJjb250ZW50IjoicG9zdF9saW5rX3VybF9zb2x1dGlvbnMiLCJzZXR0aW5ncyI6eyJwb3N0X2lkIjoiMjE2NiJ9fQ==@\u00bb image=\u00bbhttps:\/\/www.ebroingredients.com\/wp-content\/uploads\/2022\/05\/icon-grid-products-6.png\u00bb icon_alignment=\u00bbleft\u00bb _builder_version=\u00bb4.16&#8243; _dynamic_attributes=\u00bburl\u00bb _module_preset=\u00bbdefault\u00bb header_level=\u00bbh3&#8243; body_text_color=\u00bb#003087&#8243; text_orientation=\u00bbcenter\u00bb global_colors_info=\u00bb{}\u00bb][\/et_pb_blurb][\/et_pb_column][et_pb_column type=\u00bb1_4&#8243; _builder_version=\u00bb4.16&#8243; _module_preset=\u00bbdefault\u00bb background_color=\u00bb#003288&#8243; custom_padding=\u00bb20px|20px|50px|20px|false|true\u00bb custom_padding_tablet=\u00bb||70px||false|true\u00bb custom_padding_phone=\u00bb||70px||false|true\u00bb custom_padding_last_edited=\u00bbon|tablet\u00bb global_colors_info=\u00bb{}\u00bb][et_pb_blurb title=\u00bbSoluciones sin gluten\u00bb url=\u00bb@ET-DC@eyJkeW5hbWljIjp0cnVlLCJjb250ZW50IjoicG9zdF9saW5rX3VybF9zb2x1dGlvbnMiLCJzZXR0aW5ncyI6eyJwb3N0X2lkIjoiMjE2NyJ9fQ==@\u00bb image=\u00bbhttps:\/\/www.ebroingredients.com\/wp-content\/uploads\/2022\/05\/icon-grid-products-1.png\u00bb icon_alignment=\u00bbleft\u00bb _builder_version=\u00bb4.16&#8243; _dynamic_attributes=\u00bburl\u00bb _module_preset=\u00bbdefault\u00bb header_level=\u00bbh3&#8243; text_orientation=\u00bbcenter\u00bb background_layout=\u00bbdark\u00bb global_colors_info=\u00bb{}\u00bb][\/et_pb_blurb][\/et_pb_column][et_pb_column type=\u00bb1_4&#8243; _builder_version=\u00bb4.16&#8243; _module_preset=\u00bbdefault\u00bb background_color=\u00bb#add463&#8243; custom_padding=\u00bb20px|20px|50px|20px|false|true\u00bb custom_padding_tablet=\u00bb||70px||false|true\u00bb custom_padding_phone=\u00bb||70px||false|true\u00bb custom_padding_last_edited=\u00bbon|tablet\u00bb global_colors_info=\u00bb{}\u00bb][et_pb_blurb title=\u00bbSoluciones a Medida\u00bb url=\u00bb@ET-DC@eyJkeW5hbWljIjp0cnVlLCJjb250ZW50IjoicG9zdF9saW5rX3VybF9zb2x1dGlvbnMiLCJzZXR0aW5ncyI6eyJwb3N0X2lkIjoiMjE2OCJ9fQ==@\u00bb image=\u00bbhttps:\/\/www.ebroingredients.com\/wp-content\/uploads\/2022\/05\/icon-grid-products-4.png\u00bb icon_alignment=\u00bbleft\u00bb _builder_version=\u00bb4.16&#8243; _dynamic_attributes=\u00bburl\u00bb _module_preset=\u00bbdefault\u00bb header_level=\u00bbh3&#8243; text_orientation=\u00bbcenter\u00bb background_layout=\u00bbdark\u00bb global_colors_info=\u00bb{}\u00bb][\/et_pb_blurb][\/et_pb_column][\/et_pb_row][\/et_pb_section][et_pb_section fb_built=\u00bb1&#8243; _builder_version=\u00bb4.16&#8243; _module_preset=\u00bbdefault\u00bb background_color=\u00bb#64a70b\u00bb da_disable_devices=\u00bboff|off|off\u00bb locked=\u00bboff\u00bb global_colors_info=\u00bb{}\u00bb da_is_popup=\u00bboff\u00bb da_exit_intent=\u00bboff\u00bb da_has_close=\u00bbon\u00bb da_alt_close=\u00bboff\u00bb da_dark_close=\u00bboff\u00bb da_not_modal=\u00bbon\u00bb da_is_singular=\u00bboff\u00bb da_with_loader=\u00bboff\u00bb da_has_shadow=\u00bbon\u00bb][et_pb_row column_structure=\u00bb1_2,1_2&#8243; use_custom_gutter=\u00bbon\u00bb gutter_width=\u00bb1&#8243; make_equal=\u00bbon\u00bb _builder_version=\u00bb4.16&#8243; _module_preset=\u00bbdefault\u00bb max_width=\u00bb980px\u00bb global_colors_info=\u00bb{}\u00bb custom_css_main_element_last_edited=\u00bbon|phone\u00bb custom_css_main_element_tablet=\u00bbdisplay:flex;\u00bb custom_css_main_element_phone=\u00bbdisplay:block;\u00bb][et_pb_column type=\u00bb1_2&#8243; _builder_version=\u00bb4.16&#8243; _module_preset=\u00bbdefault\u00bb custom_padding=\u00bb|2vw|||false|false\u00bb custom_padding_tablet=\u00bb|2vw|||false|false\u00bb custom_padding_phone=\u00bb|0vw||0vw|false|true\u00bb custom_padding_last_edited=\u00bbon|phone\u00bb global_colors_info=\u00bb{}\u00bb custom_css_main_element_last_edited=\u00bbon|tablet\u00bb custom_css_main_element_tablet=\u00bbwidth: 50%;\u00bb custom_css_main_element_phone=\u00bbwidth:100%;\u00bb][et_pb_text _builder_version=\u00bb4.16&#8243; _module_preset=\u00bbdefault\u00bb header_2_font_size=\u00bb2.44rem\u00bb background_layout=\u00bbdark\u00bb max_width_last_edited=\u00bboff|phone\u00bb custom_margin=\u00bb||20px||false|false\u00bb custom_padding=\u00bb||||false|false\u00bb locked=\u00bboff\u00bb global_colors_info=\u00bb{}\u00bb]<\/p>\n<h2>Ebro Ingredients ofrece soluciones adaptadas a las necesidades de nuestros clientes<\/h2>\n<p>[\/et_pb_text][\/et_pb_column][et_pb_column type=\u00bb1_2&#8243; _builder_version=\u00bb4.16&#8243; _module_preset=\u00bbdefault\u00bb custom_padding=\u00bb|2vw||2vw|false|true\u00bb custom_padding_tablet=\u00bb|2vw||2vw|false|true\u00bb custom_padding_phone=\u00bb|0vw||0vw|false|true\u00bb custom_padding_last_edited=\u00bbon|phone\u00bb border_width_left=\u00bb1px\u00bb border_color_left=\u00bb#FFFFFF\u00bb border_width_all_tablet=\u00bb\u00bb border_width_all_phone=\u00bb\u00bb border_width_all_last_edited=\u00bbon|phone\u00bb border_width_right_tablet=\u00bb0px\u00bb border_width_right_phone=\u00bb0px\u00bb border_width_right_last_edited=\u00bboff|desktop\u00bb border_width_left_tablet=\u00bb1px\u00bb border_width_left_phone=\u00bb0px\u00bb border_width_left_last_edited=\u00bbon|phone\u00bb global_colors_info=\u00bb{}\u00bb custom_css_main_element_last_edited=\u00bbon|tablet\u00bb custom_css_main_element_tablet=\u00bbwidth: 50%;\u00bb custom_css_main_element_phone=\u00bbwidth:100%;\u00bb][et_pb_text _builder_version=\u00bb4.16&#8243; _module_preset=\u00bbdefault\u00bb background_layout=\u00bbdark\u00bb locked=\u00bboff\u00bb global_colors_info=\u00bb{}\u00bb]<\/p>\n<ul class=\"marker-list-blue\">\n<li>Emulgentes naturales<\/li>\n<li>Aglutinantes<\/li>\n<li>Espesantes<\/li>\n<li>Soluciones para reemplazar almid\u00f3n de patata<\/li>\n<li>Blanqueantes naturales para sustituir di\u00f3xido de titanio<\/li>\n<li>Harinas de arroz para sustituir maltodextrina<\/li>\n<\/ul>\n<p>[\/et_pb_text][\/et_pb_column][\/et_pb_row][\/et_pb_section][et_pb_section fb_built=\u00bb1&#8243; admin_label=\u00bbSection\u00bb module_class=\u00bbsec-full\u00bb _builder_version=\u00bb4.14.7&#8243; _module_preset=\u00bbdefault\u00bb da_disable_devices=\u00bboff|off|off\u00bb global_module=\u00bb4540&#8243; saved_tabs=\u00bball\u00bb locked=\u00bboff\u00bb global_colors_info=\u00bb{}\u00bb da_is_popup=\u00bboff\u00bb da_exit_intent=\u00bboff\u00bb da_has_close=\u00bbon\u00bb da_alt_close=\u00bboff\u00bb da_dark_close=\u00bboff\u00bb da_not_modal=\u00bbon\u00bb da_is_singular=\u00bboff\u00bb da_with_loader=\u00bboff\u00bb da_has_shadow=\u00bbon\u00bb][et_pb_row custom_padding_last_edited=\u00bbon|phone\u00bb module_class=\u00bbtrngl\u00bb _builder_version=\u00bb4.16&#8243; _module_preset=\u00bbdefault\u00bb background_color=\u00bb#f1eedf\u00bb module_alignment=\u00bbcenter\u00bb custom_margin=\u00bb||||false|false\u00bb custom_padding=\u00bb5vh|8vw|5vh|4vw|true|false\u00bb custom_padding_tablet=\u00bb|||8vw|true|false\u00bb custom_padding_phone=\u00bb|||8vw|true|false\u00bb border_radii=\u00bboff||70px||\u00bb global_colors_info=\u00bb{}\u00bb][et_pb_column type=\u00bb4_4&#8243; _builder_version=\u00bb4.16&#8243; _module_preset=\u00bbdefault\u00bb global_colors_info=\u00bb{}\u00bb][et_pb_text module_id=\u00bbcontactform\u00bb _builder_version=\u00bb4.21.0&#8243; _module_preset=\u00bbdefault\u00bb text_font=\u00bb|600|||||||\u00bb text_font_size=\u00bb1.56rem\u00bb global_colors_info=\u00bb{}\u00bb]<\/p>\n<h2>\u00bfQuieres saber m\u00e1s?<\/h2>\n<p>Contacta con nosotros<\/p>\n<p>[\/et_pb_text][et_pb_text _builder_version=\u00bb4.16&#8243; _module_preset=\u00bbdefault\u00bb global_colors_info=\u00bb{}\u00bb]\n<div class=\"wpcf7 no-js\" id=\"wpcf7-f6994-o1\" lang=\"es-ES\" dir=\"ltr\" data-wpcf7-id=\"6994\">\n<div class=\"screen-reader-response\"><p role=\"status\" aria-live=\"polite\" aria-atomic=\"true\"><\/p> <ul><\/ul><\/div>\n<form action=\"\/es\/wp-json\/wp\/v2\/pages\/7150#wpcf7-f6994-o1\" method=\"post\" class=\"wpcf7-form init et_pb_contact_form clearfix\" aria-label=\"Formulario de contacto\" novalidate=\"novalidate\" data-status=\"init\">\n<fieldset class=\"hidden-fields-container\"><input type=\"hidden\" name=\"_wpcf7\" value=\"6994\" \/><input type=\"hidden\" name=\"_wpcf7_version\" value=\"6.1.5\" \/><input type=\"hidden\" name=\"_wpcf7_locale\" value=\"es_ES\" \/><input type=\"hidden\" name=\"_wpcf7_unit_tag\" value=\"wpcf7-f6994-o1\" \/><input type=\"hidden\" name=\"_wpcf7_container_post\" value=\"0\" \/><input type=\"hidden\" name=\"_wpcf7_posted_data_hash\" value=\"\" \/><input type=\"hidden\" name=\"_wpcf7_recaptcha_response\" value=\"\" \/>\n<\/fieldset>\n<div class=\"et_pb_contact\">\n\t<p class=\"et_pb_contact_field et_pb_contact_field_third\" data-id=\"name\" data-type=\"input\"><input size=\"40\" maxlength=\"400\" class=\"wpcf7-form-control wpcf7-text wpcf7-validates-as-required\" aria-required=\"true\" aria-invalid=\"false\" placeholder=\"&nbsp;\" value=\"\" type=\"text\" name=\"your-name\" \/><label class=\"label\">NOMBRE<\/label>\n\t<\/p>\n\t<p class=\"et_pb_contact_field et_pb_contact_field_third\" data-id=\"email\" data-type=\"email\"><input size=\"40\" maxlength=\"400\" class=\"wpcf7-form-control wpcf7-email wpcf7-validates-as-required wpcf7-text wpcf7-validates-as-email\" aria-required=\"true\" aria-invalid=\"false\" placeholder=\"&nbsp;\" value=\"\" type=\"email\" name=\"your-email\" \/><label class=\"label\">EMAIL<\/label>\n\t<\/p>\n\t<p class=\"et_pb_contact_field et_pb_contact_field_third et_pb_contact_field_last\" data-id=\"phone\" data-type=\"input\"><input size=\"40\" maxlength=\"400\" class=\"wpcf7-form-control wpcf7-tel wpcf7-validates-as-required wpcf7-text wpcf7-validates-as-tel\" aria-required=\"true\" aria-invalid=\"false\" placeholder=\"&nbsp;\" value=\"\" type=\"tel\" name=\"your-phone\" \/><label class=\"label\">TEL\u00c9FONO<\/label>\n\t<\/p>\n\t<p class=\"et_pb_contact_field et_pb_contact_field_third\" data-id=\"job\" data-type=\"input\"><input size=\"40\" maxlength=\"400\" class=\"wpcf7-form-control wpcf7-text wpcf7-validates-as-required\" aria-required=\"true\" aria-invalid=\"false\" placeholder=\"&nbsp;\" value=\"\" type=\"text\" name=\"your-job\" \/><label class=\"label\">T\u00cdTULO<\/label>\n\t<\/p>\n\t<p class=\"et_pb_contact_field et_pb_contact_field_two_thirds et_pb_contact_field_last\" data-id=\"company\" data-type=\"input\"><input size=\"40\" maxlength=\"400\" class=\"wpcf7-form-control wpcf7-text wpcf7-validates-as-required\" aria-required=\"true\" aria-invalid=\"false\" placeholder=\"&nbsp;\" value=\"\" type=\"text\" name=\"your-company\" \/><label class=\"label\">EMPRESA<\/label>\n\t<\/p>\n\t<p class=\"et_pb_contact_field et_pb_contact_field_last\" data-id=\"questions\" data-type=\"input\"><input size=\"40\" maxlength=\"400\" class=\"wpcf7-form-control wpcf7-text wpcf7-validates-as-required\" aria-required=\"true\" aria-invalid=\"false\" placeholder=\"&nbsp;\" value=\"\" type=\"text\" name=\"your-questions\" \/><label class=\"label\">PREGUNTAS Y SOLUCIONES<\/label>\n\t<\/p>\n\t<p class=\"et_pb_contact_field et_pb_contact_field_last\" data-id=\"accept\" data-type=\"checkbox\"><span class=\"wpcf7-form-control wpcf7-acceptance\"><span class=\"wpcf7-list-item\"><label><input type=\"checkbox\" name=\"privacy-acceptance\" value=\"1\" aria-invalid=\"false\" \/><span class=\"wpcf7-list-item-label\">He le\u00eddo y acepto la <a href=\"\/es\/politica-de-privacidad-y-proteccion-de-datos\/\" target=\"\"_blank\"\">Pol\u00edtica de Privacidad y Protecci\u00f3n de Datos<\/a>.<\/span><\/label><\/span><\/span><\/span><span class=\"wpcf7-form-control-wrap\" data-name=\"data-acceptance\"><span class=\"wpcf7-form-control wpcf7-acceptance optional\"><span class=\"wpcf7-list-item\"><label><input type=\"checkbox\" name=\"data-acceptance\" value=\"1\" aria-invalid=\"false\" \/><span class=\"wpcf7-list-item-label\">Doy expresamente mi consentimiento al tratamiento de mis datos con la finalidad indicada.<\/span><\/label><\/span><\/span>[et_pb_section global_module=\"4319\"][\/et_pb_section]\n\t<\/p>\n\t<div class=\"et_contact_bottom_container\">\n\t\t<p><button id=\"submit\" type=\"submit\" name=\"et_builder_submit_button\" class=\"et_pb_contact_submit et_pb_button\">ENVIAR<\/button>\n\t\t<\/p>\n\t<\/div>\n<\/div><div class=\"wpcf7-response-output\" aria-hidden=\"true\"><\/div>\n<\/form>\n<\/div>\n[\/et_pb_text][\/et_pb_column][\/et_pb_row][et_pb_row column_structure=\u00bb3_4,1_4&#8243; _builder_version=\u00bb4.16&#8243; _module_preset=\u00bbdefault\u00bb positioning=\u00bbabsolute\u00bb position_origin_a=\u00bbtop_right\u00bb vertical_offset=\u00bb6vh\u00bb vertical_offset_tablet=\u00bb6vh\u00bb vertical_offset_phone=\u00bb0vh\u00bb vertical_offset_last_edited=\u00bbon|tablet\u00bb global_colors_info=\u00bb{}\u00bb][et_pb_column type=\u00bb3_4&#8243; _builder_version=\u00bb4.16&#8243; _module_preset=\u00bbdefault\u00bb global_colors_info=\u00bb{}\u00bb custom_css_main_element_last_edited=\u00bbon|tablet\u00bb custom_css_main_element_tablet=\u00bbwidth: 80% !important;\u00bb custom_css_main_element_phone=\u00bbwidth: 80% !important;\u00bb][et_pb_divider show_divider=\u00bboff\u00bb _builder_version=\u00bb4.16&#8243; _module_preset=\u00bbdefault\u00bb global_colors_info=\u00bb{}\u00bb][\/et_pb_divider][\/et_pb_column][et_pb_column type=\u00bb1_4&#8243; _builder_version=\u00bb4.16&#8243; _module_preset=\u00bbdefault\u00bb global_colors_info=\u00bb{}\u00bb custom_css_main_element_last_edited=\u00bbon|desktop\u00bb custom_css_main_element_tablet=\u00bbwidth: 20% !important\u00bb custom_css_main_element_phone=\u00bbwidth: 20% !important\u00bb][et_pb_image src=\u00bbhttps:\/\/www.ebroingredients.com\/wp-content\/uploads\/2022\/04\/icon-right-contact-form.png\u00bb title_text=\u00bbicon-right-contact-form\u00bb show_bottom_space=\u00bboff\u00bb align=\u00bbright\u00bb _builder_version=\u00bb4.16&#8243; _module_preset=\u00bbdefault\u00bb position_origin_a=\u00bbtop_right\u00bb horizontal_offset=\u00bb0px\u00bb global_colors_info=\u00bb{}\u00bb][\/et_pb_image][\/et_pb_column][\/et_pb_row][\/et_pb_section]<\/p>\n","protected":false},"excerpt":{"rendered":"<p>Soluciones Clean LabelEbro Ingredients s\u00f3lo fabrica ingredientes naturales de etiqueta limpia. No se producen, utilizan ni agregan productos qu\u00edmicos, modificados o sint\u00e9ticos a nuestra cartera de productos. Por ello, todas nuestras soluciones son clean label. Adem\u00e1s, hemos desarrollado varias soluciones para sustituir los aditivos por ingredientes naturales. Ejemplos son: soluciones para reemplazar el di\u00f3xido de [&hellip;]<\/p>\n","protected":false},"author":2,"featured_media":0,"parent":0,"menu_order":3,"comment_status":"closed","ping_status":"closed","template":"","meta":{"_et_pb_use_builder":"on","_et_pb_old_content":"","_et_gb_content_width":"","footnotes":""},"class_list":["post-7150","page","type-page","status-publish","hentry"],"_links":{"self":[{"href":"https:\/\/www.ebroingredients.com\/es\/wp-json\/wp\/v2\/pages\/7150","targetHints":{"allow":["GET"]}}],"collection":[{"href":"https:\/\/www.ebroingredients.com\/es\/wp-json\/wp\/v2\/pages"}],"about":[{"href":"https:\/\/www.ebroingredients.com\/es\/wp-json\/wp\/v2\/types\/page"}],"author":[{"embeddable":true,"href":"https:\/\/www.ebroingredients.com\/es\/wp-json\/wp\/v2\/users\/2"}],"replies":[{"embeddable":true,"href":"https:\/\/www.ebroingredients.com\/es\/wp-json\/wp\/v2\/comments?post=7150"}],"version-history":[{"count":3,"href":"https:\/\/www.ebroingredients.com\/es\/wp-json\/wp\/v2\/pages\/7150\/revisions"}],"predecessor-version":[{"id":7513,"href":"https:\/\/www.ebroingredients.com\/es\/wp-json\/wp\/v2\/pages\/7150\/revisions\/7513"}],"wp:attachment":[{"href":"https:\/\/www.ebroingredients.com\/es\/wp-json\/wp\/v2\/media?parent=7150"}],"curies":[{"name":"wp","href":"https:\/\/api.w.org\/{rel}","templated":true}]}}